{"id":17945,"date":"2023-07-30T09:09:38","date_gmt":"2023-07-30T07:09:38","guid":{"rendered":"https:\/\/mycampermarket.com\/?page_id=17945"},"modified":"2026-01-28T20:45:55","modified_gmt":"2026-01-28T19:45:55","slug":"reisebereich-verzeichnis","status":"publish","type":"page","link":"https:\/\/www.mycampermarket.com\/de\/espace-voyageurs-annuaire\/","title":{"rendered":"Reisebereich Verzeichnis"},"content":{"rendered":"\t\t<div data-elementor-type=\"wp-page\" data-elementor-id=\"17945\" class=\"elementor elementor-17945\" data-elementor-post-type=\"page\">\n\t\t\t\t<div class=\"elementor-element elementor-element-db73507 e-flex e-con-boxed e-con e-parent\" data-id=\"db73507\" data-element_type=\"container\" data-e-type=\"container\" data-settings=\"{&quot;background_background&quot;:&quot;classic&quot;}\">\n\t\t\t\t\t<div class=\"e-con-inner\">\n\t\t<div class=\"elementor-element elementor-element-97d4874 e-flex e-con-boxed e-con e-child\" data-id=\"97d4874\" data-element_type=\"container\" data-e-type=\"container\">\n\t\t\t\t\t<div class=\"e-con-inner\">\n\t\t\t\t<div class=\"elementor-element elementor-element-a660c3d elementor-widget elementor-widget-heading\" data-id=\"a660c3d\" data-element_type=\"widget\" data-e-type=\"widget\" data-widget_type=\"heading.default\">\n\t\t\t\t\t<h1 class=\"elementor-heading-title elementor-size-default\">Annuaire des voyageurs nomades \u2013 Vanlifers, YouTubeurs &amp; cr\u00e9ateurs<\/h1>\t\t\t\t<\/div>\n\t\t\t\t\t<\/div>\n\t\t\t\t<\/div>\n\t\t\t\t\t<\/div>\n\t\t\t\t<\/div>\n\t\t<div class=\"elementor-element elementor-element-2b4fd41 e-flex e-con-boxed e-con e-parent\" data-id=\"2b4fd41\" data-element_type=\"container\" data-e-type=\"container\" data-settings=\"{&quot;background_background&quot;:&quot;classic&quot;,&quot;shape_divider_top&quot;:&quot;triangle&quot;}\">\n\t\t\t\t\t<div class=\"e-con-inner\">\n\t\t\t\t<div class=\"elementor-shape elementor-shape-top\" aria-hidden=\"true\" data-negative=\"false\">\n\t\t\t<svg xmlns=\"http:\/\/www.w3.org\/2000\/svg\" viewBox=\"0 0 1000 100\" preserveAspectRatio=\"none\">\n\t<path class=\"elementor-shape-fill\" d=\"M500,98.9L0,6.1V0h1000v6.1L500,98.9z\"\/>\n<\/svg>\t\t<\/div>\n\t\t\t\t<div class=\"elementor-element elementor-element-73ac35a elementor-widget elementor-widget-heading\" data-id=\"73ac35a\" data-element_type=\"widget\" data-e-type=\"widget\" data-widget_type=\"heading.default\">\n\t\t\t\t\t<span class=\"elementor-heading-title elementor-size-default\">Filtrer ma recherche<\/span>\t\t\t\t<\/div>\n\t\t\t\t\t<\/div>\n\t\t\t\t<\/div>\n\t\t<div class=\"elementor-element elementor-element-202c39e e-flex e-con-boxed e-con e-parent\" data-id=\"202c39e\" data-element_type=\"container\" data-e-type=\"container\" data-settings=\"{&quot;background_background&quot;:&quot;classic&quot;,&quot;shape_divider_bottom&quot;:&quot;triangle&quot;,&quot;shape_divider_bottom_negative&quot;:&quot;yes&quot;}\">\n\t\t\t\t\t<div class=\"e-con-inner\">\n\t\t\t\t<div class=\"elementor-shape elementor-shape-bottom\" aria-hidden=\"true\" data-negative=\"true\">\n\t\t\t<svg xmlns=\"http:\/\/www.w3.org\/2000\/svg\" viewBox=\"0 0 1000 100\" preserveAspectRatio=\"none\">\n\t<path class=\"elementor-shape-fill\" d=\"M500.2,94.7L0,0v100h1000V0L500.2,94.7z\"\/>\n<\/svg>\t\t<\/div>\n\t\t<div class=\"elementor-element elementor-element-d66b46f e-con-full e-flex e-con e-child\" data-id=\"d66b46f\" data-element_type=\"container\" data-e-type=\"container\">\n\t\t\t\t<div class=\"elementor-element elementor-element-efc3a1b jet-smart-filter-content-position-line elementor-widget__width-initial jet-smart-filter-group-position-column elementor-widget elementor-widget-jet-smart-filters-select\" data-id=\"efc3a1b\" data-element_type=\"widget\" data-e-type=\"widget\" data-widget_type=\"jet-smart-filters-select.default\">\n\t\t\t\t<div class=\"elementor-widget-container\">\n\t\t\t\t\t<div class=\"jet-smart-filters-select jet-filter \" data-indexer-rule=\"show\" data-show-counter=\"\" data-change-counter=\"always\"><div class=\"jet-select\" data-query-type=\"meta_query\" data-query-var=\"dmedia_voyageur_categorie_type\" data-smart-filter=\"select\" data-filter-id=\"18006\" data-apply-type=\"mixed\" data-content-provider=\"jet-engine\" data-additional-providers=\"\" data-query-id=\"resultats\" data-active-label=\"\" data-layout-options=\"{&quot;show_label&quot;:&quot;&quot;,&quot;display_options&quot;:{&quot;show_items_label&quot;:false,&quot;show_decorator&quot;:false,&quot;filter_image_size&quot;:&quot;full&quot;,&quot;show_counter&quot;:false}}\" data-query-var-suffix=\"compare-like\" data-apply-on=\"value\">\n\t\t\t\t<select\n\t\t\tclass=\"jet-select__control\"\n\t\t\tname=\"dmedia_voyageur_categorie_type\"\n\t\t\t\t\t\taria-label=\"Type de voyageur\"\n\t\t>\n\t\t\t\t\t\t\t\t\t\t<option\n\t\t\t\t\tvalue=\"\"\n\t\t\t\t\tdata-label=\"Type\"\n\t\t\t\t\tdata-counter-prefix=\"\"\n\t\t\t\t\tdata-counter-suffix=\"\"\n\t\t\t\t\t\t\t\t\t\t\t\t\t\t>\n\t\t\t\t\tType\t\t\t\t<\/option>\n\t\t\t\t\t\t\t\t<option\n\t\t\t\t\tvalue=\"Nomade \u00e0 temps plein\"\n\t\t\t\t\tdata-label=\"Nomade \u00e0 temps plein\"\n\t\t\t\t\tdata-counter-prefix=\"\"\n\t\t\t\t\tdata-counter-suffix=\"\"\n\t\t\t\t\t\t\t\t\t\t\t\t\t\t>\n\t\t\t\t\tNomade \u00e0 temps plein\t\t\t\t<\/option>\n\t\t\t\t\t\t\t\t<option\n\t\t\t\t\tvalue=\"Retrait\u00e9 sur la route\"\n\t\t\t\t\tdata-label=\"Retrait\u00e9 sur la route\"\n\t\t\t\t\tdata-counter-prefix=\"\"\n\t\t\t\t\tdata-counter-suffix=\"\"\n\t\t\t\t\t\t\t\t\t\t\t\t\t\t>\n\t\t\t\t\tRetrait\u00e9 sur la route\t\t\t\t<\/option>\n\t\t\t\t\t\t\t\t<option\n\t\t\t\t\tvalue=\"Voyageur occasionnel\"\n\t\t\t\t\tdata-label=\"Voyageur occasionnel\"\n\t\t\t\t\tdata-counter-prefix=\"\"\n\t\t\t\t\tdata-counter-suffix=\"\"\n\t\t\t\t\t\t\t\t\t\t\t\t\t\t>\n\t\t\t\t\tVoyageur occasionnel\t\t\t\t<\/option>\n\t\t\t\t<\/select>\n\t<\/div><\/div>\t\t\t\t<\/div>\n\t\t\t\t<\/div>\n\t\t\t\t<div class=\"elementor-element elementor-element-9e558e1 jet-smart-filter-content-position-line elementor-widget__width-initial jet-smart-filter-group-position-column elementor-widget elementor-widget-jet-smart-filters-select\" data-id=\"9e558e1\" data-element_type=\"widget\" data-e-type=\"widget\" data-widget_type=\"jet-smart-filters-select.default\">\n\t\t\t\t<div class=\"elementor-widget-container\">\n\t\t\t\t\t<div class=\"jet-smart-filters-select jet-filter \" data-indexer-rule=\"show\" data-show-counter=\"\" data-change-counter=\"always\"><div class=\"jet-select\" data-query-type=\"meta_query\" data-query-var=\"dmedia_voyageur_categorie_vehicule\" data-smart-filter=\"select\" data-filter-id=\"18002\" data-apply-type=\"mixed\" data-content-provider=\"jet-engine\" data-additional-providers=\"\" data-query-id=\"resultats\" data-active-label=\"\" data-layout-options=\"{&quot;show_label&quot;:&quot;&quot;,&quot;display_options&quot;:{&quot;show_items_label&quot;:false,&quot;show_decorator&quot;:false,&quot;filter_image_size&quot;:&quot;full&quot;,&quot;show_counter&quot;:false}}\" data-query-var-suffix=\"compare-like\" data-apply-on=\"value\">\n\t\t\t\t<select\n\t\t\tclass=\"jet-select__control\"\n\t\t\tname=\"dmedia_voyageur_categorie_vehicule\"\n\t\t\t\t\t\taria-label=\"Voyageur Genre de v\u00e9hicule\"\n\t\t>\n\t\t\t\t\t\t\t\t\t\t<option\n\t\t\t\t\tvalue=\"\"\n\t\t\t\t\tdata-label=\"V\u00e9hicule\"\n\t\t\t\t\tdata-counter-prefix=\"\"\n\t\t\t\t\tdata-counter-suffix=\"\"\n\t\t\t\t\t\t\t\t\t\t\t\t\t\t>\n\t\t\t\t\tV\u00e9hicule\t\t\t\t<\/option>\n\t\t\t\t\t\t\t\t<option\n\t\t\t\t\tvalue=\"Camion\"\n\t\t\t\t\tdata-label=\"Camion\"\n\t\t\t\t\tdata-counter-prefix=\"\"\n\t\t\t\t\tdata-counter-suffix=\"\"\n\t\t\t\t\t\t\t\t\t\t\t\t\t\t>\n\t\t\t\t\tCamion\t\t\t\t<\/option>\n\t\t\t\t\t\t\t\t<option\n\t\t\t\t\tvalue=\"Camping-car\"\n\t\t\t\t\tdata-label=\"Camping-car\"\n\t\t\t\t\tdata-counter-prefix=\"\"\n\t\t\t\t\tdata-counter-suffix=\"\"\n\t\t\t\t\t\t\t\t\t\t\t\t\t\t>\n\t\t\t\t\tCamping-car\t\t\t\t<\/option>\n\t\t\t\t\t\t\t\t<option\n\t\t\t\t\tvalue=\"Fourgon\"\n\t\t\t\t\tdata-label=\"Fourgon\"\n\t\t\t\t\tdata-counter-prefix=\"\"\n\t\t\t\t\tdata-counter-suffix=\"\"\n\t\t\t\t\t\t\t\t\t\t\t\t\t\t>\n\t\t\t\t\tFourgon\t\t\t\t<\/option>\n\t\t\t\t\t\t\t\t<option\n\t\t\t\t\tvalue=\"Van\"\n\t\t\t\t\tdata-label=\"Van\"\n\t\t\t\t\tdata-counter-prefix=\"\"\n\t\t\t\t\tdata-counter-suffix=\"\"\n\t\t\t\t\t\t\t\t\t\t\t\t\t\t>\n\t\t\t\t\tVan\t\t\t\t<\/option>\n\t\t\t\t\t\t\t\t<option\n\t\t\t\t\tvalue=\"Cellule pick-up\"\n\t\t\t\t\tdata-label=\"Cellule pick-up\"\n\t\t\t\t\tdata-counter-prefix=\"\"\n\t\t\t\t\tdata-counter-suffix=\"\"\n\t\t\t\t\t\t\t\t\t\t\t\t\t\t>\n\t\t\t\t\tCellule pick-up\t\t\t\t<\/option>\n\t\t\t\t\t\t\t\t<option\n\t\t\t\t\tvalue=\"Voiture am\u00e9nag\u00e9e\"\n\t\t\t\t\tdata-label=\"Voiture am\u00e9nag\u00e9e\"\n\t\t\t\t\tdata-counter-prefix=\"\"\n\t\t\t\t\tdata-counter-suffix=\"\"\n\t\t\t\t\t\t\t\t\t\t\t\t\t\t>\n\t\t\t\t\tVoiture am\u00e9nag\u00e9e\t\t\t\t<\/option>\n\t\t\t\t\t\t\t\t<option\n\t\t\t\t\tvalue=\"4x4\"\n\t\t\t\t\tdata-label=\"4x4\"\n\t\t\t\t\tdata-counter-prefix=\"\"\n\t\t\t\t\tdata-counter-suffix=\"\"\n\t\t\t\t\t\t\t\t\t\t\t\t\t\t>\n\t\t\t\t\t4x4\t\t\t\t<\/option>\n\t\t\t\t<\/select>\n\t<\/div><\/div>\t\t\t\t<\/div>\n\t\t\t\t<\/div>\n\t\t\t\t<div class=\"elementor-element elementor-element-6599222 jet-smart-filter-content-position-line elementor-widget__width-initial jet-smart-filter-group-position-column elementor-widget elementor-widget-jet-smart-filters-select\" data-id=\"6599222\" data-element_type=\"widget\" data-e-type=\"widget\" data-widget_type=\"jet-smart-filters-select.default\">\n\t\t\t\t<div class=\"elementor-widget-container\">\n\t\t\t\t\t<div class=\"jet-smart-filters-select jet-filter \" data-indexer-rule=\"show\" data-show-counter=\"\" data-change-counter=\"always\"><div class=\"jet-select\" data-query-type=\"meta_query\" data-query-var=\"dmedia_voyageur_categorie_voyage\" data-smart-filter=\"select\" data-filter-id=\"16201\" data-apply-type=\"mixed\" data-content-provider=\"jet-engine\" data-additional-providers=\"\" data-query-id=\"resultats\" data-active-label=\"\" data-layout-options=\"{&quot;show_label&quot;:&quot;&quot;,&quot;display_options&quot;:{&quot;show_items_label&quot;:false,&quot;show_decorator&quot;:false,&quot;filter_image_size&quot;:&quot;full&quot;,&quot;show_counter&quot;:false}}\" data-query-var-suffix=\"compare-like\" data-apply-on=\"value\">\n\t\t\t\t<select\n\t\t\tclass=\"jet-select__control\"\n\t\t\tname=\"dmedia_voyageur_categorie_voyage\"\n\t\t\t\t\t\taria-label=\"Type voyageur comment\"\n\t\t>\n\t\t\t\t\t\t\t\t\t\t<option\n\t\t\t\t\tvalue=\"\"\n\t\t\t\t\tdata-label=\"Comment ?\"\n\t\t\t\t\tdata-counter-prefix=\"\"\n\t\t\t\t\tdata-counter-suffix=\"\"\n\t\t\t\t\t\t\t\t\t\t\t\t\t\t>\n\t\t\t\t\tComment ?\t\t\t\t<\/option>\n\t\t\t\t\t\t\t\t<option\n\t\t\t\t\tvalue=\"famille\"\n\t\t\t\t\tdata-label=\"En famille\"\n\t\t\t\t\tdata-counter-prefix=\"\"\n\t\t\t\t\tdata-counter-suffix=\"\"\n\t\t\t\t\t\t\t\t\t\t\t\t\t\t>\n\t\t\t\t\tEn famille\t\t\t\t<\/option>\n\t\t\t\t\t\t\t\t<option\n\t\t\t\t\tvalue=\"solo\"\n\t\t\t\t\tdata-label=\"En solo\"\n\t\t\t\t\tdata-counter-prefix=\"\"\n\t\t\t\t\tdata-counter-suffix=\"\"\n\t\t\t\t\t\t\t\t\t\t\t\t\t\t>\n\t\t\t\t\tEn solo\t\t\t\t<\/option>\n\t\t\t\t\t\t\t\t<option\n\t\t\t\t\tvalue=\"couple\"\n\t\t\t\t\tdata-label=\"En couple\"\n\t\t\t\t\tdata-counter-prefix=\"\"\n\t\t\t\t\tdata-counter-suffix=\"\"\n\t\t\t\t\t\t\t\t\t\t\t\t\t\t>\n\t\t\t\t\tEn couple\t\t\t\t<\/option>\n\t\t\t\t<\/select>\n\t<\/div><\/div>\t\t\t\t<\/div>\n\t\t\t\t<\/div>\n\t\t\t\t<\/div>\n\t\t\t\t\t<\/div>\n\t\t\t\t<\/div>\n\t\t<div class=\"elementor-element elementor-element-4895d6c e-flex e-con-boxed e-con e-parent\" data-id=\"4895d6c\" data-element_type=\"container\" data-e-type=\"container\">\n\t\t\t\t\t<div class=\"e-con-inner\">\n\t\t<div class=\"elementor-element elementor-element-fcdc775 e-con-full e-flex e-con e-child\" data-id=\"fcdc775\" data-element_type=\"container\" data-e-type=\"container\">\n\t\t<div class=\"elementor-element elementor-element-698abf0 e-con-full e-flex e-con e-child\" data-id=\"698abf0\" data-element_type=\"container\" data-e-type=\"container\">\n\t\t<div class=\"elementor-element elementor-element-245e11e e-con-full e-flex e-con e-child\" data-id=\"245e11e\" data-element_type=\"container\" data-e-type=\"container\" data-settings=\"{&quot;background_background&quot;:&quot;classic&quot;}\">\n\t\t\t\t<div class=\"elementor-element elementor-element-473a141 elementor-widget elementor-widget-jet-smart-filters-active hide-widget\" data-id=\"473a141\" data-element_type=\"widget\" data-e-type=\"widget\" data-widget_type=\"jet-smart-filters-active.default\">\n\t\t\t\t<div class=\"elementor-widget-container\">\n\t\t\t\t\t<div class=\"jet-smart-filters-active jet-active-filters jet-filter\" data-label=\"\" data-content-provider=\"jet-engine\" data-additional-providers=\"\" data-apply-type=\"ajax\" data-query-id=\"resultats\"><\/div>\t\t\t\t<\/div>\n\t\t\t\t<\/div>\n\t\t\t\t<div class=\"elementor-element elementor-element-bed317b elementor-widget elementor-widget-heading\" data-id=\"bed317b\" data-element_type=\"widget\" data-e-type=\"widget\" data-widget_type=\"heading.default\">\n\t\t\t\t\t<div class=\"elementor-heading-title elementor-size-default\"><span class=\"jet-engine-query-count query-30 count-type-total\" data-query=\"30\">0<\/span> Voyageur(s) trouv\u00e9(s)<\/div>\t\t\t\t<\/div>\n\t\t\t\t<\/div>\n\t\t\t\t<\/div>\n\t\t<div class=\"elementor-element elementor-element-376e540 e-con-full e-flex e-con e-child\" data-id=\"376e540\" data-element_type=\"container\" data-e-type=\"container\">\n\t\t\t\t<div class=\"elementor-element elementor-element-225491c eael_liquid_glass-effect1 eael_liquid_glass_shadow-effect1 elementor-widget elementor-widget-jet-listing-grid\" data-id=\"225491c\" data-element_type=\"widget\" data-e-type=\"widget\" id=\"resultats\" data-settings=\"{&quot;columns&quot;:&quot;4&quot;,&quot;columns_mobile&quot;:&quot;1&quot;}\" data-widget_type=\"jet-listing-grid.default\">\n\t\t\t\t\t<div class=\"jet-listing-grid jet-listing\"><div class=\"jet-listing-not-found jet-listing-grid__items\" data-nav=\"{&quot;enabled&quot;:false,&quot;type&quot;:null,&quot;more_el&quot;:null,&quot;query&quot;:[],&quot;widget_settings&quot;:{&quot;lisitng_id&quot;:16217,&quot;posts_num&quot;:6,&quot;columns&quot;:4,&quot;columns_tablet&quot;:4,&quot;columns_mobile&quot;:1,&quot;column_min_width&quot;:240,&quot;column_min_width_tablet&quot;:240,&quot;column_min_width_mobile&quot;:240,&quot;inline_columns_css&quot;:false,&quot;is_archive_template&quot;:&quot;&quot;,&quot;post_status&quot;:[&quot;publish&quot;],&quot;use_random_posts_num&quot;:&quot;&quot;,&quot;max_posts_num&quot;:9,&quot;not_found_message&quot;:&quot;Aucun voyageur trouv\\u00e9&quot;,&quot;is_masonry&quot;:true,&quot;equal_columns_height&quot;:&quot;&quot;,&quot;use_load_more&quot;:&quot;&quot;,&quot;load_more_id&quot;:&quot;&quot;,&quot;load_more_type&quot;:&quot;click&quot;,&quot;load_more_offset&quot;:{&quot;unit&quot;:&quot;px&quot;,&quot;size&quot;:0,&quot;sizes&quot;:[]},&quot;use_custom_post_types&quot;:&quot;&quot;,&quot;custom_post_types&quot;:[],&quot;hide_widget_if&quot;:&quot;&quot;,&quot;carousel_enabled&quot;:&quot;&quot;,&quot;slides_to_scroll&quot;:&quot;1&quot;,&quot;arrows&quot;:&quot;true&quot;,&quot;arrow_icon&quot;:&quot;fa fa-angle-left&quot;,&quot;dots&quot;:&quot;&quot;,&quot;autoplay&quot;:&quot;true&quot;,&quot;pause_on_hover&quot;:&quot;true&quot;,&quot;autoplay_speed&quot;:5000,&quot;infinite&quot;:&quot;true&quot;,&quot;center_mode&quot;:&quot;&quot;,&quot;effect&quot;:&quot;slide&quot;,&quot;speed&quot;:500,&quot;inject_alternative_items&quot;:&quot;&quot;,&quot;injection_items&quot;:[{&quot;_id&quot;:&quot;3029c34&quot;,&quot;item&quot;:&quot;6095&quot;,&quot;item_num&quot;:4,&quot;static_item&quot;:&quot;yes&quot;}],&quot;scroll_slider_enabled&quot;:&quot;&quot;,&quot;scroll_slider_on&quot;:[&quot;desktop&quot;,&quot;tablet&quot;,&quot;mobile&quot;],&quot;custom_query&quot;:&quot;yes&quot;,&quot;custom_query_id&quot;:&quot;30&quot;,&quot;_element_id&quot;:&quot;resultats&quot;,&quot;collapse_first_last_gap&quot;:false,&quot;list_tag_selection&quot;:&quot;&quot;,&quot;list_items_wrapper_tag&quot;:&quot;div&quot;,&quot;list_item_tag&quot;:&quot;div&quot;,&quot;empty_items_wrapper_tag&quot;:&quot;div&quot;}}\" data-listing-source=\"query\" data-listing-id=\"16217\" data-query-id=\"30\" data-masonry-grid-options=\"{&quot;columns&quot;:{&quot;desktop&quot;:4,&quot;tablet&quot;:4,&quot;mobile&quot;:1}}\" data-queried-id=\"17945|WP_Post\">Aucun voyageur trouv\u00e9<\/div><\/div>\t\t\t\t<\/div>\n\t\t\t\t<\/div>\n\t\t\t\t<\/div>\n\t\t\t\t\t<\/div>\n\t\t\t\t<\/div>\n\t\t<div class=\"elementor-element elementor-element-223690a e-flex e-con-boxed e-con e-parent\" data-id=\"223690a\" data-element_type=\"container\" data-e-type=\"container\" data-settings=\"{&quot;background_background&quot;:&quot;classic&quot;}\">\n\t\t\t\t\t<div class=\"e-con-inner\">\n\t\t\t\t<div class=\"elementor-element elementor-element-571a617 elementor-widget elementor-widget-text-editor\" data-id=\"571a617\" data-element_type=\"widget\" data-e-type=\"widget\" data-widget_type=\"text-editor.default\">\n\t\t\t\t\t\t\t\t\t<section class=\"faq\"><h2>FAQ \u2013 Nomade &#8211; Voyageurs<\/h2><div class=\"faq-item\"><h3>Qui peut s\u2019inscrire dans l\u2019annuaire des voyageurs ?<\/h3><p>Tous les voyageurs en van, fourgon, camping-car, cellule, camion ou v\u00e9hicule am\u00e9nag\u00e9. Que vous soyez nomade \u00e0 plein temps ou voyageur occasionnel, votre profil est le bienvenu.<\/p><h3>Faut-il avoir un r\u00e9seau social ou une cha\u00eene YouTube ?<\/h3><p>Oui, au moins un r\u00e9seau actif : YouTube, Instagram, TikTok, Facebook ou un blog. L\u2019annuaire est d\u00e9di\u00e9 aux voyageurs qui partagent leurs aventures en ligne.<\/p><h3>Comment mes vid\u00e9os YouTube sont-elles ajout\u00e9es sur ma page ?<\/h3><p>L\u2019int\u00e9gration est automatique. Vos vid\u00e9os sont r\u00e9cup\u00e9r\u00e9es, class\u00e9es par mots-cl\u00e9s et affich\u00e9es sur votre fiche voyageur ainsi que dans les articles ou pages du site correspondant \u00e0 leur contenu.<\/p><h3>Puis-je mettre \u00e0 jour ma fiche voyageur ?<\/h3><p>Oui, vous pouvez modifier votre texte, vos r\u00e9seaux, votre v\u00e9hicule ou vos destinations \u00e0 tout moment.<\/p><h3>Est-ce utile pour augmenter ma visibilit\u00e9 ?<\/h3><p>Oui ! Ici, pas d\u2019algorithme : les visiteurs vous trouvent gr\u00e2ce \u00e0 vos crit\u00e8res (v\u00e9hicule, destinations, style de voyage, contenus). Parfait pour les cr\u00e9ateurs qui veulent \u00eatre d\u00e9couverts facilement.<\/p><h3>L\u2019inscription est-elle gratuite ?<\/h3><p>Oui, la cr\u00e9ation et la publication de votre page voyageur sont enti\u00e8rement gratuites.<\/p><h3>Mes vid\u00e9os peuvent-elles appara\u00eetre dans les pages du site ?<\/h3><p>Oui. Si le sujet de votre vid\u00e9o correspond \u00e0 une page du site (destinations, \u00e9quipements, types de v\u00e9hicules\u2026), elle peut y appara\u00eetre automatiquement, sans action suppl\u00e9mentaire.<\/p><h3>Puis-je supprimer mon profil ?<\/h3><p>Oui, vous pouvez supprimer votre fiche voyageur et vos donn\u00e9es \u00e0 tout moment.<\/p><\/div><\/section>\t\t\t\t\t\t\t\t<\/div>\n\t\t\t\t\t<\/div>\n\t\t\t\t<\/div>\n\t\t\t\t<\/div>\n\t\t","protected":false},"excerpt":{"rendered":"<p>Annuaire des voyageurs nomades \u2013 Vanlifers, YouTubeurs &amp; cr\u00e9ateurs Filtrer ma recherche TypeNomade \u00e0 temps pleinRetrait\u00e9 sur la routeVoyageur occasionnel V\u00e9hiculeCamionCamping-carFourgonVanCellule pick-upVoiture am\u00e9nag\u00e9e4&#215;4 Comment ?En familleEn soloEn couple FAQ \u2013 Nomade &#8211; Voyageurs Qui peut s\u2019inscrire dans l\u2019annuaire des voyageurs ? Tous les voyageurs en van, fourgon, camping-car, cellule, camion ou v\u00e9hicule am\u00e9nag\u00e9. Que vous [&hellip;]<\/p>\n","protected":false},"author":1,"featured_media":0,"parent":0,"menu_order":0,"comment_status":"closed","ping_status":"closed","template":"","meta":{"_seopress_robots_primary_cat":"","_seopress_titles_title":"Espace voyageur - Blog voyage","_seopress_titles_desc":"Faites d\u00e9couvrir votre blog voyage, cha\u00eene YouTube et vos r\u00e9seaux sociaux dans notre espace voyageur !","_seopress_robots_index":"","_pvb_checkbox_block_on_post":false,"footnotes":""},"class_list":["post-17945","page","type-page","status-publish","hentry"],"_links":{"self":[{"href":"https:\/\/www.mycampermarket.com\/de\/wp-json\/wp\/v2\/pages\/17945","targetHints":{"allow":["GET"]}}],"collection":[{"href":"https:\/\/www.mycampermarket.com\/de\/wp-json\/wp\/v2\/pages"}],"about":[{"href":"https:\/\/www.mycampermarket.com\/de\/wp-json\/wp\/v2\/types\/page"}],"author":[{"embeddable":true,"href":"https:\/\/www.mycampermarket.com\/de\/wp-json\/wp\/v2\/users\/1"}],"replies":[{"embeddable":true,"href":"https:\/\/www.mycampermarket.com\/de\/wp-json\/wp\/v2\/comments?post=17945"}],"version-history":[{"count":0,"href":"https:\/\/www.mycampermarket.com\/de\/wp-json\/wp\/v2\/pages\/17945\/revisions"}],"wp:attachment":[{"href":"https:\/\/www.mycampermarket.com\/de\/wp-json\/wp\/v2\/media?parent=17945"}],"curies":[{"name":"wp","href":"https:\/\/api.w.org\/{rel}","templated":true}]}}