{"id":2,"date":"2022-05-07T22:41:22","date_gmt":"2022-05-07T20:41:22","guid":{"rendered":"https:\/\/camper-market.com\/?page_id=2"},"modified":"2026-01-22T11:07:24","modified_gmt":"2026-01-22T10:07:24","slug":"branchenbuch-fur-wohnmobil-und-kleintransporter","status":"publish","type":"page","link":"https:\/\/www.mycampermarket.com\/de\/annuaire-des-professionnels-de-camping-car-et-fourgon-amenage\/","title":{"rendered":"Verzeichnis der Fachleute aus Wohnmobil und Kastenwagen"},"content":{"rendered":"\t\t<div data-elementor-type=\"wp-page\" data-elementor-id=\"2\" class=\"elementor elementor-2\" data-elementor-post-type=\"page\">\n\t\t\t\t<div class=\"elementor-element elementor-element-9eca236 e-flex e-con-boxed e-con e-parent\" data-id=\"9eca236\" data-element_type=\"container\" data-e-type=\"container\" data-settings=\"{&quot;background_background&quot;:&quot;classic&quot;}\">\n\t\t\t\t\t<div class=\"e-con-inner\">\n\t\t<div class=\"elementor-element elementor-element-2771dbe e-flex e-con-boxed e-con e-child\" data-id=\"2771dbe\" data-element_type=\"container\" data-e-type=\"container\" data-settings=\"{&quot;background_background&quot;:&quot;classic&quot;}\">\n\t\t\t\t\t<div class=\"e-con-inner\">\n\t\t\t\t<div class=\"elementor-element elementor-element-0c2edb6 elementor-widget elementor-widget-heading\" data-id=\"0c2edb6\" data-element_type=\"widget\" data-e-type=\"widget\" data-widget_type=\"heading.default\">\n\t\t\t\t\t<h1 class=\"elementor-heading-title elementor-size-default\">Annuaire des professionnels du v\u00e9hicule de loisirs<\/h1>\t\t\t\t<\/div>\n\t\t\t\t<div class=\"elementor-element elementor-element-3664803 elementor-hidden-mobile elementor-widget elementor-widget-text-editor\" data-id=\"3664803\" data-element_type=\"widget\" data-e-type=\"widget\" data-widget_type=\"text-editor.default\">\n\t\t\t\t\t\t\t\t\tRetrouvez les professionnels du secteur du camping-car, du van, du fourgon et du v\u00e9hicule am\u00e9nag\u00e9,\nclass\u00e9s par cat\u00e9gorie et par r\u00e9gion.<br>\nConcessionnaires, garages et ateliers de r\u00e9paration, am\u00e9nageurs, vendeurs d\u2019accessoires et loueurs\nsont r\u00e9f\u00e9renc\u00e9s pour vous aider \u00e0 trouver le bon professionnel, au bon endroit.\t\t\t\t\t\t\t\t<\/div>\n\t\t\t\t\t<\/div>\n\t\t\t\t<\/div>\n\t\t\t\t\t<\/div>\n\t\t\t\t<\/div>\n\t\t<div class=\"elementor-element elementor-element-c089121 e-flex e-con-boxed e-con e-parent\" data-id=\"c089121\" data-element_type=\"container\" data-e-type=\"container\" data-settings=\"{&quot;background_background&quot;:&quot;classic&quot;,&quot;shape_divider_top&quot;:&quot;triangle&quot;}\">\n\t\t\t\t\t<div class=\"e-con-inner\">\n\t\t\t\t<div class=\"elementor-shape elementor-shape-top\" aria-hidden=\"true\" data-negative=\"false\">\n\t\t\t<svg xmlns=\"http:\/\/www.w3.org\/2000\/svg\" viewBox=\"0 0 1000 100\" preserveAspectRatio=\"none\">\n\t<path class=\"elementor-shape-fill\" d=\"M500,98.9L0,6.1V0h1000v6.1L500,98.9z\"\/>\n<\/svg>\t\t<\/div>\n\t\t\t\t<div class=\"elementor-element elementor-element-51a22b3 elementor-widget elementor-widget-heading\" data-id=\"51a22b3\" data-element_type=\"widget\" data-e-type=\"widget\" data-widget_type=\"heading.default\">\n\t\t\t\t\t<h5 class=\"elementor-heading-title elementor-size-default\">Filtrer ma recherche<\/h5>\t\t\t\t<\/div>\n\t\t\t\t\t<\/div>\n\t\t\t\t<\/div>\n\t\t<div class=\"elementor-element elementor-element-1a90370 e-flex e-con-boxed e-con e-parent\" data-id=\"1a90370\" data-element_type=\"container\" data-e-type=\"container\" data-settings=\"{&quot;background_background&quot;:&quot;classic&quot;,&quot;shape_divider_bottom&quot;:&quot;triangle&quot;,&quot;shape_divider_bottom_negative&quot;:&quot;yes&quot;}\">\n\t\t\t\t\t<div class=\"e-con-inner\">\n\t\t\t\t<div class=\"elementor-shape elementor-shape-bottom\" aria-hidden=\"true\" data-negative=\"true\">\n\t\t\t<svg xmlns=\"http:\/\/www.w3.org\/2000\/svg\" viewBox=\"0 0 1000 100\" preserveAspectRatio=\"none\">\n\t<path class=\"elementor-shape-fill\" d=\"M500.2,94.7L0,0v100h1000V0L500.2,94.7z\"\/>\n<\/svg>\t\t<\/div>\n\t\t<div class=\"elementor-element elementor-element-1cc2562 e-con-full e-flex e-con e-child\" data-id=\"1cc2562\" data-element_type=\"container\" data-e-type=\"container\">\n\t\t<div class=\"elementor-element elementor-element-503986a e-con-full e-flex e-con e-child\" data-id=\"503986a\" data-element_type=\"container\" data-e-type=\"container\">\n\t\t\t\t<div class=\"elementor-element elementor-element-612b385 jet-smart-filter-content-position-line jet-smart-filter-group-position-line elementor-widget__width-inherit elementor-widget elementor-widget-jet-smart-filters-select\" data-id=\"612b385\" data-element_type=\"widget\" data-e-type=\"widget\" data-widget_type=\"jet-smart-filters-select.default\">\n\t\t\t\t<div class=\"elementor-widget-container\">\n\t\t\t\t\t<div class=\"jet-smart-filters-hierarchy jet-filter \" data-indexer-rule=\"show\" data-show-counter=\"\" data-change-counter=\"always\"><div class=\"jet-filters-group\">\n<div class=\"jet-select\" data-query-type=\"tax_query\" data-query-var=\"localisation\" data-smart-filter=\"select\" data-filter-id=\"486\" data-apply-type=\"mixed\" data-content-provider=\"jet-engine\" data-additional-providers=\"\" data-query-id=\"resultats\" data-active-label=\"\" data-layout-options=\"{&quot;show_label&quot;:&quot;&quot;,&quot;display_options&quot;:{&quot;show_items_label&quot;:false,&quot;show_decorator&quot;:false,&quot;filter_image_size&quot;:&quot;full&quot;,&quot;show_counter&quot;:false}}\" data-query-var-suffix=\"\" data-apply-on=\"value\" data-hierarchical=\"1\">\n\t\t\t\t<select\n\t\t\tclass=\"jet-select__control depth-0\"\n\t\t\tname=\"localisation\"\n\t\t\t\t\t\taria-label=\"R\u00e9gion\"\n\t\t>\n\t\t\t\t\t\t\t<option value=\"\">\n\t\t\t\t\tPays\t\t\t\t<\/option>\n\t\t\t\t\t\t\t\t\t\t<option\n\t\t\t\t\tvalue=\"1019\"\n\t\t\t\t\tdata-label=\"Allemagne\"\n\t\t\t\t\tdata-counter-prefix=\"\"\n\t\t\t\t\tdata-counter-suffix=\"\"\n\t\t\t\t\t\t\t\t\t\t\t\t\t\t>\n\t\t\t\t\tAllemagne\t\t\t\t<\/option>\n\t\t\t\t\t\t\t\t<option\n\t\t\t\t\tvalue=\"331\"\n\t\t\t\t\tdata-label=\"Belgique\"\n\t\t\t\t\tdata-counter-prefix=\"\"\n\t\t\t\t\tdata-counter-suffix=\"\"\n\t\t\t\t\t\t\t\t\t\t\t\t\t\t>\n\t\t\t\t\tBelgique\t\t\t\t<\/option>\n\t\t\t\t\t\t\t\t<option\n\t\t\t\t\tvalue=\"37\"\n\t\t\t\t\tdata-label=\"France\"\n\t\t\t\t\tdata-counter-prefix=\"\"\n\t\t\t\t\tdata-counter-suffix=\"\"\n\t\t\t\t\t\t\t\t\t\t\t\t\t\t>\n\t\t\t\t\tFrance\t\t\t\t<\/option>\n\t\t\t\t\t\t\t\t<option\n\t\t\t\t\tvalue=\"1045\"\n\t\t\t\t\tdata-label=\"Italie\"\n\t\t\t\t\tdata-counter-prefix=\"\"\n\t\t\t\t\tdata-counter-suffix=\"\"\n\t\t\t\t\t\t\t\t\t\t\t\t\t\t>\n\t\t\t\t\tItalie\t\t\t\t<\/option>\n\t\t\t\t\t\t\t\t<option\n\t\t\t\t\tvalue=\"34\"\n\t\t\t\t\tdata-label=\"Suisse\"\n\t\t\t\t\tdata-counter-prefix=\"\"\n\t\t\t\t\tdata-counter-suffix=\"\"\n\t\t\t\t\t\t\t\t\t\t\t\t\t\t>\n\t\t\t\t\tSuisse\t\t\t\t<\/option>\n\t\t\t\t<\/select>\n\t<\/div><div class=\"jet-select\" data-query-type=\"tax_query\" data-query-var=\"localisation\" data-smart-filter=\"select\" data-filter-id=\"486\" data-apply-type=\"mixed\" data-content-provider=\"jet-engine\" data-additional-providers=\"\" data-query-id=\"resultats\" data-active-label=\"\" data-layout-options=\"{&quot;show_label&quot;:&quot;&quot;,&quot;display_options&quot;:{&quot;show_items_label&quot;:false,&quot;show_decorator&quot;:false,&quot;filter_image_size&quot;:&quot;full&quot;,&quot;show_counter&quot;:false}}\" data-query-var-suffix=\"\" data-apply-on=\"value\" data-hierarchical=\"1\">\n\t\t\t\t<select\n\t\t\tclass=\"jet-select__control depth-1\"\n\t\t\tname=\"localisation\"\n\t\t\t\t\t\taria-label=\"R\u00e9gion\"\n\t\t>\n\t\t\t\t\t\t\t<option value=\"\">\n\t\t\t\t\tRegion\t\t\t\t<\/option>\n\t\t\t\t\t\t<\/select>\n\t<\/div><\/div>\n<\/div>\t\t\t\t<\/div>\n\t\t\t\t<\/div>\n\t\t\t\t<\/div>\n\t\t\t\t<div class=\"elementor-element elementor-element-e617321 jet-smart-filter-content-position-line elementor-widget__width-initial jet-smart-filter-group-position-column elementor-widget elementor-widget-jet-smart-filters-select\" data-id=\"e617321\" data-element_type=\"widget\" data-e-type=\"widget\" data-widget_type=\"jet-smart-filters-select.default\">\n\t\t\t\t<div class=\"elementor-widget-container\">\n\t\t\t\t\t<div class=\"jet-smart-filters-select jet-filter \" data-indexer-rule=\"show\" data-show-counter=\"\" data-change-counter=\"always\"><div class=\"jet-select\" data-query-type=\"tax_query\" data-query-var=\"services\" data-smart-filter=\"select\" data-filter-id=\"33522\" data-apply-type=\"mixed\" data-content-provider=\"jet-engine\" data-additional-providers=\"\" data-query-id=\"resultats\" data-active-label=\"\" data-layout-options=\"{&quot;show_label&quot;:&quot;&quot;,&quot;display_options&quot;:{&quot;show_items_label&quot;:false,&quot;show_decorator&quot;:false,&quot;filter_image_size&quot;:&quot;full&quot;,&quot;show_counter&quot;:false}}\" data-query-var-suffix=\"\" data-apply-on=\"value\">\n\t\t\t\t<select\n\t\t\tclass=\"jet-select__control\"\n\t\t\tname=\"services\"\n\t\t\t\t\t\taria-label=\"Cat\u00e9gorie Pro\"\n\t\t>\n\t\t\t\t\t\t\t\t\t\t<option\n\t\t\t\t\tvalue=\"\"\n\t\t\t\t\tdata-label=\"Tous les services\"\n\t\t\t\t\tdata-counter-prefix=\"\"\n\t\t\t\t\tdata-counter-suffix=\"\"\n\t\t\t\t\t\t\t\t\t\t\t\t\t\t>\n\t\t\t\t\tTous les services\t\t\t\t<\/option>\n\t\t\t\t\t\t\t\t<option\n\t\t\t\t\tvalue=\"975\"\n\t\t\t\t\tdata-label=\"Accessoires\"\n\t\t\t\t\tdata-counter-prefix=\"\"\n\t\t\t\t\tdata-counter-suffix=\"\"\n\t\t\t\t\t\t\t\t\t\t\t\t\t\t>\n\t\t\t\t\tAccessoires\t\t\t\t<\/option>\n\t\t\t\t\t\t\t\t<option\n\t\t\t\t\tvalue=\"980\"\n\t\t\t\t\tdata-label=\"Am\u00e9nagement\"\n\t\t\t\t\tdata-counter-prefix=\"\"\n\t\t\t\t\tdata-counter-suffix=\"\"\n\t\t\t\t\t\t\t\t\t\t\t\t\t\t>\n\t\t\t\t\tAm\u00e9nagement\t\t\t\t<\/option>\n\t\t\t\t\t\t\t\t<option\n\t\t\t\t\tvalue=\"979\"\n\t\t\t\t\tdata-label=\"Location\"\n\t\t\t\t\tdata-counter-prefix=\"\"\n\t\t\t\t\tdata-counter-suffix=\"\"\n\t\t\t\t\t\t\t\t\t\t\t\t\t\t>\n\t\t\t\t\tLocation\t\t\t\t<\/option>\n\t\t\t\t\t\t\t\t<option\n\t\t\t\t\tvalue=\"978\"\n\t\t\t\t\tdata-label=\"R\u00e9paration\"\n\t\t\t\t\tdata-counter-prefix=\"\"\n\t\t\t\t\tdata-counter-suffix=\"\"\n\t\t\t\t\t\t\t\t\t\t\t\t\t\t>\n\t\t\t\t\tR\u00e9paration\t\t\t\t<\/option>\n\t\t\t\t\t\t\t\t<option\n\t\t\t\t\tvalue=\"974\"\n\t\t\t\t\tdata-label=\"Vente\"\n\t\t\t\t\tdata-counter-prefix=\"\"\n\t\t\t\t\tdata-counter-suffix=\"\"\n\t\t\t\t\t\t\t\t\t\t\t\t\t\t>\n\t\t\t\t\tVente\t\t\t\t<\/option>\n\t\t\t\t<\/select>\n\t<\/div><\/div>\t\t\t\t<\/div>\n\t\t\t\t<\/div>\n\t\t\t\t<\/div>\n\t\t\t\t<div class=\"elementor-element elementor-element-003cf89 elementor-mobile-align-justify elementor-widget-mobile__width-inherit elementor-widget elementor-widget-button\" data-id=\"003cf89\" data-element_type=\"widget\" data-e-type=\"widget\" data-widget_type=\"button.default\">\n\t\t\t\t\t\t\t\t\t\t<a class=\"elementor-button elementor-button-link elementor-size-sm\" href=\"https:\/\/www.mycampermarket.com\/espace-pro\/\">\n\t\t\t\t\t\t<span class=\"elementor-button-content-wrapper\">\n\t\t\t\t\t\t\t\t\t<span class=\"elementor-button-text\">Ajouter mon entreprise<\/span>\n\t\t\t\t\t<\/span>\n\t\t\t\t\t<\/a>\n\t\t\t\t\t\t\t\t<\/div>\n\t\t\t\t\t<\/div>\n\t\t\t\t<\/div>\n\t\t<div class=\"elementor-element elementor-element-4cba9c9 e-flex e-con-boxed e-con e-parent\" data-id=\"4cba9c9\" data-element_type=\"container\" data-e-type=\"container\">\n\t\t\t\t\t<div class=\"e-con-inner\">\n\t\t<div class=\"elementor-element elementor-element-fc9f441 e-con-full e-flex e-con e-child\" data-id=\"fc9f441\" data-element_type=\"container\" data-e-type=\"container\">\n\t\t<div class=\"elementor-element elementor-element-65c247a e-con-full e-flex e-con e-child\" data-id=\"65c247a\" data-element_type=\"container\" data-e-type=\"container\">\n\t\t<div class=\"elementor-element elementor-element-9f78120 e-con-full e-flex e-con e-child\" data-id=\"9f78120\" data-element_type=\"container\" data-e-type=\"container\" data-settings=\"{&quot;background_background&quot;:&quot;classic&quot;}\">\n\t\t\t\t<div class=\"elementor-element elementor-element-1d6247c elementor-widget elementor-widget-jet-smart-filters-active hide-widget\" data-id=\"1d6247c\" data-element_type=\"widget\" data-e-type=\"widget\" data-widget_type=\"jet-smart-filters-active.default\">\n\t\t\t\t<div class=\"elementor-widget-container\">\n\t\t\t\t\t<div class=\"jet-smart-filters-active jet-active-filters jet-filter\" data-label=\"\" data-content-provider=\"jet-engine\" data-additional-providers=\"\" data-apply-type=\"ajax\" data-query-id=\"resultats\"><\/div>\t\t\t\t<\/div>\n\t\t\t\t<\/div>\n\t\t\t\t<div class=\"elementor-element elementor-element-a49f9c4 elementor-widget elementor-widget-heading\" data-id=\"a49f9c4\" data-element_type=\"widget\" data-e-type=\"widget\" data-widget_type=\"heading.default\">\n\t\t\t\t\t<div class=\"elementor-heading-title elementor-size-default\">Les professionnels r\u00e9f\u00e9renc\u00e9s<\/div>\t\t\t\t<\/div>\n\t\t\t\t<\/div>\n\t\t<div class=\"elementor-element elementor-element-b75c861 e-con-full e-flex e-con e-child\" data-id=\"b75c861\" data-element_type=\"container\" data-e-type=\"container\">\n\t\t\t\t<\/div>\n\t\t\t\t<\/div>\n\t\t<div class=\"elementor-element elementor-element-8eb3fdc e-con-full e-flex e-con e-child\" data-id=\"8eb3fdc\" data-element_type=\"container\" data-e-type=\"container\">\n\t\t\t\t<div class=\"elementor-element elementor-element-99d64a6 eael_liquid_glass-effect1 eael_liquid_glass_shadow-effect1 elementor-widget elementor-widget-jet-listing-grid\" data-id=\"99d64a6\" data-element_type=\"widget\" data-e-type=\"widget\" id=\"resultats\" data-settings=\"{&quot;columns&quot;:&quot;4&quot;,&quot;columns_mobile&quot;:&quot;1&quot;}\" data-widget_type=\"jet-listing-grid.default\">\n\t\t\t\t\t<div class=\"jet-listing-grid jet-listing\"><div class=\"jet-listing-not-found jet-listing-grid__items\" data-nav=\"{&quot;enabled&quot;:true,&quot;type&quot;:&quot;click&quot;,&quot;more_el&quot;:&quot;#bt_plus&quot;,&quot;query&quot;:{&quot;query_id&quot;:56,&quot;posts_per_page&quot;:20,&quot;signature&quot;:&quot;13cb1cf102daad8c1fce7b72c8ea36f069e6567cf6564150d80590babf768cf3&quot;},&quot;widget_settings&quot;:{&quot;lisitng_id&quot;:33462,&quot;posts_num&quot;:20,&quot;columns&quot;:4,&quot;columns_tablet&quot;:4,&quot;columns_mobile&quot;:1,&quot;column_min_width&quot;:240,&quot;column_min_width_tablet&quot;:240,&quot;column_min_width_mobile&quot;:240,&quot;inline_columns_css&quot;:false,&quot;is_archive_template&quot;:&quot;&quot;,&quot;post_status&quot;:[&quot;publish&quot;],&quot;use_random_posts_num&quot;:&quot;&quot;,&quot;max_posts_num&quot;:9,&quot;not_found_message&quot;:&quot;No data was found&quot;,&quot;is_masonry&quot;:false,&quot;equal_columns_height&quot;:&quot;yes&quot;,&quot;use_load_more&quot;:&quot;yes&quot;,&quot;load_more_id&quot;:&quot;bt_plus&quot;,&quot;load_more_type&quot;:&quot;click&quot;,&quot;load_more_offset&quot;:{&quot;unit&quot;:&quot;px&quot;,&quot;size&quot;:0,&quot;sizes&quot;:[]},&quot;use_custom_post_types&quot;:&quot;&quot;,&quot;custom_post_types&quot;:[],&quot;hide_widget_if&quot;:&quot;&quot;,&quot;carousel_enabled&quot;:&quot;&quot;,&quot;slides_to_scroll&quot;:&quot;1&quot;,&quot;arrows&quot;:&quot;true&quot;,&quot;arrow_icon&quot;:&quot;fa fa-angle-left&quot;,&quot;dots&quot;:&quot;&quot;,&quot;autoplay&quot;:&quot;true&quot;,&quot;pause_on_hover&quot;:&quot;true&quot;,&quot;autoplay_speed&quot;:5000,&quot;infinite&quot;:&quot;true&quot;,&quot;center_mode&quot;:&quot;&quot;,&quot;effect&quot;:&quot;slide&quot;,&quot;speed&quot;:500,&quot;inject_alternative_items&quot;:&quot;&quot;,&quot;injection_items&quot;:[],&quot;scroll_slider_enabled&quot;:&quot;&quot;,&quot;scroll_slider_on&quot;:[&quot;desktop&quot;,&quot;tablet&quot;,&quot;mobile&quot;],&quot;custom_query&quot;:&quot;yes&quot;,&quot;custom_query_id&quot;:&quot;56&quot;,&quot;_element_id&quot;:&quot;resultats&quot;,&quot;collapse_first_last_gap&quot;:false,&quot;list_tag_selection&quot;:&quot;&quot;,&quot;list_items_wrapper_tag&quot;:&quot;div&quot;,&quot;list_item_tag&quot;:&quot;div&quot;,&quot;empty_items_wrapper_tag&quot;:&quot;div&quot;}}\" data-listing-source=\"query\" data-listing-id=\"33462\" data-query-id=\"56\" data-queried-id=\"2|WP_Post\">No data was found<\/div><\/div>\t\t\t\t<\/div>\n\t\t\t\t<\/div>\n\t\t\t\t<\/div>\n\t\t\t\t\t<\/div>\n\t\t\t\t<\/div>\n\t\t\t\t<\/div>\n\t\t","protected":false},"excerpt":{"rendered":"<p>Annuaire des professionnels du v\u00e9hicule de loisirs Retrouvez les professionnels du secteur du camping-car, du van, du fourgon et du v\u00e9hicule am\u00e9nag\u00e9, class\u00e9s par cat\u00e9gorie et par r\u00e9gion. Concessionnaires, garages et ateliers de r\u00e9paration, am\u00e9nageurs, vendeurs d\u2019accessoires et loueurs sont r\u00e9f\u00e9renc\u00e9s pour vous aider \u00e0 trouver le bon professionnel, au bon endroit. Filtrer ma recherche [&hellip;]<\/p>\n","protected":false},"author":1,"featured_media":0,"parent":0,"menu_order":0,"comment_status":"closed","ping_status":"closed","template":"","meta":{"_seopress_robots_primary_cat":"","_seopress_titles_title":"Professionnels du camping-car et van am\u00e9nag\u00e9","_seopress_titles_desc":"D\u00e9couvre notre annuaire de professionnels : conseils et am\u00e9nagements sur mesure pour \u00e9quipements de camping-car. Voyage avec confort et confiance.","_seopress_robots_index":"","_pvb_checkbox_block_on_post":false,"footnotes":""},"class_list":["post-2","page","type-page","status-publish","hentry"],"_links":{"self":[{"href":"https:\/\/www.mycampermarket.com\/de\/wp-json\/wp\/v2\/pages\/2","targetHints":{"allow":["GET"]}}],"collection":[{"href":"https:\/\/www.mycampermarket.com\/de\/wp-json\/wp\/v2\/pages"}],"about":[{"href":"https:\/\/www.mycampermarket.com\/de\/wp-json\/wp\/v2\/types\/page"}],"author":[{"embeddable":true,"href":"https:\/\/www.mycampermarket.com\/de\/wp-json\/wp\/v2\/users\/1"}],"replies":[{"embeddable":true,"href":"https:\/\/www.mycampermarket.com\/de\/wp-json\/wp\/v2\/comments?post=2"}],"version-history":[{"count":0,"href":"https:\/\/www.mycampermarket.com\/de\/wp-json\/wp\/v2\/pages\/2\/revisions"}],"wp:attachment":[{"href":"https:\/\/www.mycampermarket.com\/de\/wp-json\/wp\/v2\/media?parent=2"}],"curies":[{"name":"wp","href":"https:\/\/api.w.org\/{rel}","templated":true}]}}