{"id":33137,"date":"2024-07-02T12:30:32","date_gmt":"2024-07-02T10:30:32","guid":{"rendered":"https:\/\/www.mycampermarket.com\/?page_id=33137"},"modified":"2026-03-24T22:36:33","modified_gmt":"2026-03-24T21:36:33","slug":"sicherheit-der-vpn-seite-verboten","status":"publish","type":"page","link":"https:\/\/www.mycampermarket.com\/de\/securite-du-site-vpn-interdit\/","title":{"rendered":"Sicherheit der Website - VPN verboten"},"content":{"rendered":"<div data-elementor-type=\"wp-page\" data-elementor-id=\"33137\" class=\"elementor elementor-33137\" data-elementor-post-type=\"page\">\n\t\t\t\t<div class=\"elementor-element elementor-element-e480290 e-flex e-con-boxed e-con e-parent\" data-id=\"e480290\" data-element_type=\"container\" data-e-type=\"container\">\n\t\t\t\t\t<div class=\"e-con-inner\">\n\t\t\t\t<div class=\"elementor-element elementor-element-9af7c00 elementor-widget elementor-widget-html\" data-id=\"9af7c00\" data-element_type=\"widget\" data-e-type=\"widget\" data-widget_type=\"html.default\">\n\t\t\t\t\t<div class=\"mcm-sec\">\r\n \r\n  <!-- HERO -->\r\n  <div class=\"mcm-sec__hero\">\r\n    <div class=\"mcm-sec__hero-text\">\r\n      <div class=\"mcm-sec__hero-label\">Sichere Plattform<\/div>\r\n      <h1>Ihre Sicherheit ist unsere Priorit\u00e4t<\/h1>\r\n      <p>MyCamperMarket setzt fortschrittliche technische Ma\u00dfnahmen ein, um sicherzustellen, dass jeder Nutzer auch wirklich der ist, der er vorgibt zu sein. Das Ergebnis: eine sicherere Plattform, zuverl\u00e4ssigerer Handel und weniger b\u00f6se \u00dcberraschungen.<\/p>\r\n    <\/div>\r\n    <div class=\"mcm-sec__hero-stats\">\r\n      <div class=\"mcm-sec__stat\">\r\n        <div class=\"mcm-sec__stat-icon\">\r\n          <svg width=\"20\" height=\"20\" viewbox=\"0 0 24 24\" fill=\"none\" stroke=\"currentColor\" stroke-width=\"1.5\" stroke-linecap=\"round\" stroke-linejoin=\"round\"><path d=\"M12 22s8-4 8-10V5l-8-3-8 3v7c0 6 8 10 8 10z\"\/><\/svg>\r\n        <\/div>\r\n        <div>\r\n          <strong>Erkannte VPNs<\/strong>\r\n          <span>und automatisch geblockt<\/span>\r\n        <\/div>\r\n      <\/div>\r\n      <div class=\"mcm-sec__stat\">\r\n        <div class=\"mcm-sec__stat-icon\">\r\n          <svg width=\"20\" height=\"20\" viewbox=\"0 0 24 24\" fill=\"none\" stroke=\"currentColor\" stroke-width=\"1.5\" stroke-linecap=\"round\" stroke-linejoin=\"round\"><circle cx=\"12\" cy=\"12\" r=\"10\"\/><path d=\"M2 12h20M12 2a15.3 15.3 0 0 1 4 10 15.3 15.3 0 0 1-4 10 15.3 15.3 0 0 1-4-10 15.3 15.3 0 0 1 4-10z\"\/><\/svg>\r\n        <\/div>\r\n        <div>\r\n          <strong>Erlaubte L\u00e4nder<\/strong>\r\n          <span>bei jeder Verbindung gepr\u00fcft<\/span>\r\n        <\/div>\r\n      <\/div>\r\n      <div class=\"mcm-sec__stat\">\r\n        <div class=\"mcm-sec__stat-icon\">\r\n          <svg width=\"20\" height=\"20\" viewbox=\"0 0 24 24\" fill=\"none\" stroke=\"currentColor\" stroke-width=\"1.5\" stroke-linecap=\"round\" stroke-linejoin=\"round\"><polyline points=\"22 12 18 12 15 21 9 3 6 12 2 12\"\/><\/svg>\r\n        <\/div>\r\n        <div>\r\n          <strong>Risiko-Score<\/strong>\r\n          <span>wird bei jeder Anmeldung berechnet<\/span>\r\n        <\/div>\r\n      <\/div>\r\n    <\/div>\r\n  <\/div>\r\n\r\n  <hr class=\"mcm-sec__divider\">\r\n\r\n  <!-- VPN EXPLICATION -->\r\n  <section class=\"mcm-sec__section\">\r\n    <div class=\"mcm-sec__section-text\">\r\n      <h2>Was ist ein VPN und warum ist es ein Problem?<\/h2>\r\n      <p>Ein VPN (Virtual Private Network) ist ein Dienst, der es erm\u00f6glicht, sich mit dem Internet zu verbinden und dabei seinen wahren Standort zu verschleiern. So kann der Nutzer als in Frankreich, Belgien oder der Schweiz befindlich erscheinen, obwohl er sich an einem anderen Ort der Welt befindet.<\/p>\r\n      <p>Auf einer Kleinanzeigenplattform stellt dies ein konkretes Risiko dar: B\u00f6swillige Personen nutzen VPNs, um geografische Kontrollen zu umgehen, sich als lokale Verk\u00e4ufer oder K\u00e4ufer auszugeben und zu versuchen, gutgl\u00e4ubige Nutzer zu betr\u00fcgen.<\/p>\r\n      <p>Ein zuverl\u00e4ssiger Austausch beruht auf Transparenz. Den tats\u00e4chlichen Aufenthaltsort zu verbergen, widerspricht diesem Prinzip und untergr\u00e4bt das Vertrauen zwischen den Nutzern.<\/p>\r\n    <\/div>\r\n    <div class=\"mcm-sec__section-image\"><br>\r\n    <img decoding=\"async\" style=\"border-radius: 15px;\" src=\"https:\/\/www.mycampermarket.com\/wp-content\/uploads\/2026\/03\/securite-du-site-vpn-interdit.png\" alt=\"ThierryMyCamperMarket\" width=\"350\" height=\"233\">       \r\n        <\/div>\r\n  <\/section>\r\n<br><br>\r\n  <hr class=\"mcm-sec__divider\">\r\n\r\n  <!-- POURQUOI INTERDIRE -->\r\n  <section class=\"mcm-sec__section mcm-sec__section--full\">\r\n    <h2>Warum wir VPNs verbieten<\/h2>\r\n    <div class=\"mcm-sec__cards\">\r\n      <div class=\"mcm-sec__card\">\r\n        <div class=\"mcm-sec__card-icon\">\r\n          <svg width=\"22\" height=\"22\" viewbox=\"0 0 24 24\" fill=\"none\" stroke=\"currentColor\" stroke-width=\"1.5\" stroke-linecap=\"round\" stroke-linejoin=\"round\"><path d=\"M17 21v-2a4 4 0 0 0-4-4H5a4 4 0 0 0-4 4v2\"\/><circle cx=\"9\" cy=\"7\" r=\"4\"\/><path d=\"M23 21v-2a4 4 0 0 0-3-3.87\"\/><path d=\"M16 3.13a4 4 0 0 1 0 7.75\"\/><\/svg>\r\n        <\/div>\r\n        <strong>Die Identit\u00e4t der Nutzer garantieren<\/strong>\r\n        <p>Durch das Verbot von VPNs stellen wir sicher, dass jeder Nutzer aus einem erlaubten Land kommt und mit dem \u00fcbereinstimmt, was er bei der Anmeldung angibt.<\/p>\r\n      <\/div>\r\n      <div class=\"mcm-sec__card\">\r\n        <div class=\"mcm-sec__card-icon\">\r\n          <svg width=\"22\" height=\"22\" viewbox=\"0 0 24 24\" fill=\"none\" stroke=\"currentColor\" stroke-width=\"1.5\" stroke-linecap=\"round\" stroke-linejoin=\"round\"><path d=\"M12 22s8-4 8-10V5l-8-3-8 3v7c0 6 8 10 8 10z\"\/><\/svg>\r\n        <\/div>\r\n        <strong>Verk\u00e4ufer und K\u00e4ufer sch\u00fctzen<\/strong>\r\n        <p>Ohne ein m\u00f6gliches VPN wird es f\u00fcr einen Betr\u00fcger viel schwieriger, seinen wahren Aufenthaltsort zu verschleiern und sich als vertrauensw\u00fcrdiger lokaler Nutzer auszugeben.<\/p>\r\n      <\/div>\r\n      <div class=\"mcm-sec__card\">\r\n        <div class=\"mcm-sec__card-icon\">\r\n          <svg width=\"22\" height=\"22\" viewbox=\"0 0 24 24\" fill=\"none\" stroke=\"currentColor\" stroke-width=\"1.5\" stroke-linecap=\"round\" stroke-linejoin=\"round\"><path d=\"M10 13a5 5 0 0 0 7.54.54l3-3a5 5 0 0 0-7.07-7.07l-1.72 1.71\"\/><path d=\"M14 11a5 5 0 0 0-7.54-.54l-3 3a5 5 0 0 0 7.07 7.07l1.71-1.71\"\/><\/svg>\r\n        <\/div>\r\n        <strong>Sicherstellung der R\u00fcckverfolgbarkeit<\/strong>\r\n        <p>Im Falle einer Meldung oder eines Rechtsstreits ist es entscheidend, den Ursprung eines Kontos identifizieren zu k\u00f6nnen, um schnell handeln und die Gemeinschaft sch\u00fctzen zu k\u00f6nnen.<\/p>\r\n      <\/div>\r\n    <\/div>\r\n  <\/section>\r\n<br><br>\r\n  <hr class=\"mcm-sec__divider\">\r\n\r\n  <!-- SCORE DE RISQUE -->\r\n  <section class=\"mcm-sec__section mcm-sec__section--full\">\r\n    <h2>Der Risiko-Score<\/h2>\r\n    <div class=\"mcm-sec__risk\">\r\n      <div class=\"mcm-sec__risk-text\">\r\n        <p>Bei jeder Registrierung und jedem Login berechnet unser System automatisch einen Risiko-Score, der auf mehreren technischen Parametern basiert. Dieser Score ist f\u00fcr den Nutzer unsichtbar, erm\u00f6glicht es der Plattform aber, :<\/p>\r\n        <ul class=\"mcm-sec__list\">\r\n          <li>Automatische Sperrung von Konten mit hohem Risiko<\/li>\r\n          <li>Manuelle \u00dcberpr\u00fcfung von Zwischenf\u00e4llen ausl\u00f6sen<\/li>\r\n          <li>Vertrauensw\u00fcrdige Nutzer sofort best\u00e4tigen<\/li>\r\n        <\/ul>\r\n        <p>Dieses System ist einer der Gr\u00fcnde, warum MyCamperMarket eine signifikant niedrigere Rate an betr\u00fcgerischen Kontakten hat als allgemeine Plattformen.<\/p>\r\n      <\/div>\r\n      <div class=\"mcm-sec__risk-visual\">\r\n        <div class=\"mcm-sec__risk-bar\">\r\n          <div class=\"mcm-sec__risk-label\">Geringes Risiko<\/div>\r\n          <div class=\"mcm-sec__risk-track\">\r\n            <div class=\"mcm-sec__risk-fill mcm-sec__risk-fill--green\"><\/div>\r\n            <div class=\"mcm-sec__risk-fill mcm-sec__risk-fill--amber\"><\/div>\r\n            <div class=\"mcm-sec__risk-fill mcm-sec__risk-fill--red\"><\/div>\r\n          <\/div>\r\n          <div class=\"mcm-sec__risk-label\">Hohes Risiko<\/div>\r\n        <\/div>\r\n        <div class=\"mcm-sec__risk-legend\">\r\n          <div class=\"mcm-sec__risk-item\"><span class=\"mcm-sec__dot mcm-sec__dot--green\"><\/span>Zugriff erlaubt<\/div>\r\n          <div class=\"mcm-sec__risk-item\"><span class=\"mcm-sec__dot mcm-sec__dot--amber\"><\/span>Manuelle \u00dcberpr\u00fcfung<\/div>\r\n          <div class=\"mcm-sec__risk-item\"><span class=\"mcm-sec__dot mcm-sec__dot--red\"><\/span>Zugang gesperrt<\/div>\r\n        <\/div>\r\n      <\/div>\r\n    <\/div>\r\n  <\/section>\r\n\r\n  <hr class=\"mcm-sec__divider\">\r\n<br><br>\r\n  <!-- PAYS AUTORISES -->\r\n  <section class=\"mcm-sec__section mcm-sec__section--full\">\r\n    <h2>Erlaubte L\u00e4nder<\/h2>\r\n    <p class=\"mcm-sec__section-intro\">Der Zugang zu den Diensten von MyCamperMarket (Registrierung, Ver\u00f6ffentlichung von Anzeigen, Nachrichten) ist Nutzern vorbehalten, die in den folgenden L\u00e4ndern ans\u00e4ssig sind:<\/p>\r\n    <div class=\"mcm-sec__countries\">\r\n      <div class=\"mcm-sec__country\">\ud83c\uddeb\ud83c\uddf7 Frankreich<\/div>\r\n      <div class=\"mcm-sec__country\">\ud83c\udde7\ud83c\uddea Belgien<\/div>\r\n      <div class=\"mcm-sec__country\">\ud83c\udde8\ud83c\udded Schweiz<\/div>\r\n      <div class=\"mcm-sec__country\">\ud83c\udde9\ud83c\uddea Deutschland<\/div>\r\n      <div class=\"mcm-sec__country\">\ud83c\uddee\ud83c\uddf9 Italien<\/div>\r\n     <div class=\"mcm-sec__country\">\ud83c\uddea\ud83c\uddf8 Spanien <\/div>\r\n    <p class=\"mcm-sec__section-note\">Verbindungen aus nicht aufgelisteten L\u00e4ndern werden bei der Registrierung und beim Einloggen automatisch blockiert.<\/p>\r\n  <\/section>\r\n\r\n  <hr class=\"mcm-sec__divider\">\r\n\r\n  <!-- VOYAGEURS -->\r\n  <section class=\"mcm-sec__section mcm-sec__section--full\">\r\n    <div class=\"mcm-sec__traveler\">\r\n      <div class=\"mcm-sec__traveler-icon\">\r\n        <svg width=\"28\" height=\"28\" viewbox=\"0 0 24 24\" fill=\"none\" stroke=\"currentColor\" stroke-width=\"1.5\" stroke-linecap=\"round\" stroke-linejoin=\"round\"><circle cx=\"12\" cy=\"12\" r=\"10\"\/><path d=\"M2 12h20M12 2a15.3 15.3 0 0 1 4 10 15.3 15.3 0 0 1-4 10 15.3 15.3 0 0 1-4-10 15.3 15.3 0 0 1 4-10z\"\/><\/svg>\r\n      <\/div>\r\n      <div>\r\n        <h2>Sind Sie auf Reisen?<\/h2>\r\n        <p>Wenn Sie in einem zugelassenen Land wohnen, aber vor\u00fcbergehend ins Ausland reisen, k\u00f6nnen wir den Zugriff auf Ihr Konto von jedem Land aus erlauben. Setzen Sie sich einfach vor oder w\u00e4hrend Ihrer Reise mit uns in Verbindung und geben Sie Ihre Situation an.<\/p>\r\n        <a href=\"\/de\/kontakt\/\" class=\"mcm-sec__traveler-btn\">Einen Antrag auf Zugang stellen<\/a>\r\n      <\/div>\r\n    <\/div>\r\n  <\/section>\r\n\r\n<\/div>\r\n\r\n<style>\r\n.mcm-sec { max-width: 800px; font-family: inherit; }\r\n.mcm-sec__hero { display: grid; grid-template-columns: 1fr auto; gap: 32px; align-items: start; padding: 8px 0 28px; }\r\n.mcm-sec__hero-label { font-size: 11px; font-weight: 700; letter-spacing: .08em; text-transform: uppercase; color: #2a5faa; margin-bottom: 10px; }\r\n.mcm-sec__hero h1 { font-size: 1.9em; margin: 0 0 14px; line-height: 1.2; }\r\n.mcm-sec__hero-text p { font-size: 15px; line-height: 1.8; color: #555; margin: 0; }\r\n.mcm-sec__hero-stats { display: flex; flex-direction: column; gap: 12px; min-width: 220px; }\r\n.mcm-sec__stat { display: flex; align-items: flex-start; gap: 12px; background: #f4f8ff; border-radius: 10px; padding: 12px 14px; }\r\n.mcm-sec__stat-icon { flex-shrink: 0; width: 36px; height: 36px; background: #dde8f8; border-radius: 8px; display: flex; align-items: center; justify-content: center; color: #2a5faa; }\r\n.mcm-sec__stat strong { font-size: 13px; font-weight: 700; color: #1a3a6e; display: block; }\r\n.mcm-sec__stat span { font-size: 12px; color: #5a7aaa; }\r\n.mcm-sec__divider { border: none; border-top: 1px solid #ebebeb; margin: 28px 0; }\r\n.mcm-sec__section { margin-bottom: 4px; }\r\n.mcm-sec__section h2 { font-size: 1.15em; font-weight: 700; color: #1a1a1a; margin: 0 0 14px; padding-bottom: 10px; border-bottom: 2px solid #ebebeb; }\r\n.mcm-sec__section p { font-size: 14px; line-height: 1.8; color: #555; margin: 0 0 12px; }\r\n.mcm-sec__section-intro { font-size: 14px; color: #555; margin-bottom: 16px; }\r\n.mcm-sec__section-note { font-size: 13px; color: #888; font-style: italic; margin-top: 12px; }\r\n.mcm-sec__section:not(.mcm-sec__section--full) { display: grid; grid-template-columns: 1fr 260px; gap: 28px; align-items: start; }\r\n.mcm-sec__section-text h2 { font-size: 1.15em; font-weight: 700; color: #1a1a1a; margin: 0 0 14px; padding-bottom: 10px; border-bottom: 2px solid #ebebeb; }\r\n.mcm-sec__section-text p { font-size: 14px; line-height: 1.8; color: #555; margin: 0 0 12px; }\r\n.mcm-sec__img-placeholder { width: 100%; height: 220px; background: #f4f4f4; border-radius: 10px; display: flex; align-items: center; justify-content: center; color: #bbb; font-size: 13px; border: 1px dashed #ddd; }\r\n.mcm-sec__cards { display: grid; grid-template-columns: repeat(3, 1fr); gap: 14px; }\r\n.mcm-sec__card { border: 1px solid #ebebeb; border-radius: 12px; padding: 18px; display: flex; flex-direction: column; gap: 8px; }\r\n.mcm-sec__card-icon { width: 40px; height: 40px; background: #f4f8ff; border-radius: 10px; display: flex; align-items: center; justify-content: center; color: #2a5faa; }\r\n.mcm-sec__card strong { font-size: 13px; font-weight: 700; color: #1a1a1a; line-height: 1.4; }\r\n.mcm-sec__card p { font-size: 13px; line-height: 1.6; color: #666; margin: 0; }\r\n.mcm-sec__risk { display: grid; grid-template-columns: 1fr auto; gap: 28px; align-items: center; }\r\n.mcm-sec__list { padding-left: 18px; margin: 8px 0 12px; }\r\n.mcm-sec__list li { font-size: 14px; color: #555; line-height: 1.7; margin-bottom: 4px; }\r\n.mcm-sec__risk-visual { min-width: 200px; }\r\n.mcm-sec__risk-bar { display: flex; align-items: center; gap: 8px; margin-bottom: 12px; }\r\n.mcm-sec__risk-label { font-size: 11px; color: #888; white-space: nowrap; }\r\n.mcm-sec__risk-track { display: flex; flex: 1; height: 8px; border-radius: 8px; overflow: hidden; }\r\n.mcm-sec__risk-fill { flex: 1; }\r\n.mcm-sec__risk-fill--green { background: #1D9E75; }\r\n.mcm-sec__risk-fill--amber { background: #EF9F27; }\r\n.mcm-sec__risk-fill--red { background: #E24B4A; }\r\n.mcm-sec__risk-legend { display: flex; flex-direction: column; gap: 6px; }\r\n.mcm-sec__risk-item { display: flex; align-items: center; gap: 8px; font-size: 12px; color: #555; }\r\n.mcm-sec__dot { width: 8px; height: 8px; border-radius: 50%; flex-shrink: 0; }\r\n.mcm-sec__dot--green { background: #1D9E75; }\r\n.mcm-sec__dot--amber { background: #EF9F27; }\r\n.mcm-sec__dot--red { background: #E24B4A; }\r\n.mcm-sec__countries { display: flex; flex-wrap: wrap; gap: 8px; margin-bottom: 8px; }\r\n.mcm-sec__country { font-size: 14px; font-weight: 500; color: #333; background: #f4f4f4; padding: 8px 16px; border-radius: 8px; border: 1px solid #e8e8e8; }\r\n.mcm-sec__country--soon { color: #888; background: #fafafa; }\r\n.mcm-sec__country--soon span { font-size: 11px; font-weight: 600; background: #e8e8e8; color: #999; padding: 1px 7px; border-radius: 20px; margin-left: 6px; }\r\n.mcm-sec__traveler { display: flex; gap: 20px; align-items: flex-start; background: #f4f8ff; border-radius: 14px; padding: 24px; }\r\n.mcm-sec__traveler-icon { flex-shrink: 0; width: 48px; height: 48px; background: #dde8f8; border-radius: 12px; display: flex; align-items: center; justify-content: center; color: #2a5faa; }\r\n.mcm-sec__traveler h2 { font-size: 1.1em; font-weight: 700; color: #1a3a6e; margin: 0 0 8px; border: none; padding: 0; }\r\n.mcm-sec__traveler p { font-size: 14px; line-height: 1.75; color: #3a5a8a; margin: 0 0 16px; }\r\n.mcm-sec__traveler-btn { display: inline-block; padding: 10px 22px; background: #1a3a6e; color: #fff; border-radius: 8px; text-decoration: none; font-size: 13px; font-weight: 600; }\r\n.mcm-sec__traveler-btn:hover { background: #243f7a; }\r\n@media (max-width: 640px) {\r\n  .mcm-sec__hero { grid-template-columns: 1fr; }\r\n  .mcm-sec__hero-stats { flex-direction: row; flex-wrap: wrap; }\r\n  .mcm-sec__stat { flex: 1; min-width: 140px; }\r\n  .mcm-sec__section:not(.mcm-sec__section--full) { grid-template-columns: 1fr; }\r\n  .mcm-sec__cards { grid-template-columns: 1fr; }\r\n  .mcm-sec__risk { grid-template-columns: 1fr; }\r\n  .mcm-sec__risk-bar { flex-wrap: wrap; }\r\n}\r\n<\/style>\t\t\t\t<\/div>\n\t\t\t\t\t<\/div>\n\t\t\t\t<\/div>\n\t\t\t\t<\/div>","protected":false},"excerpt":{"rendered":"<p>Plateforme s\u00e9curis\u00e9e Votre s\u00e9curit\u00e9 est notre priorit\u00e9 MyCamperMarket met en \u0153uvre des mesures techniques avanc\u00e9es pour garantir que chaque utilisateur est bien celui qu&rsquo;il pr\u00e9tend \u00eatre. R\u00e9sultat : une plateforme plus s\u00fbre, des \u00e9changes plus fiables, et moins de mauvaises surprises. VPN d\u00e9tect\u00e9s et bloqu\u00e9s automatiquement Pays autoris\u00e9s contr\u00f4l\u00e9s \u00e0 chaque connexion Score de risque [&hellip;]<\/p>\n","protected":false},"author":1,"featured_media":0,"parent":0,"menu_order":0,"comment_status":"closed","ping_status":"closed","template":"","meta":{"_seopress_robots_primary_cat":"","_seopress_titles_title":"S\u00e9curit\u00e9 maximale : MyCamperMarket bloque les VPN","_seopress_titles_desc":"S\u00e9curisez vos \u00e9changes sur MyCamperMarket : VPN interdits pour transparence et s\u00e9curit\u00e9 des donn\u00e9es. Profitez d'un environnement s\u00fbr.","_seopress_robots_index":"","_pvb_checkbox_block_on_post":false,"footnotes":""},"class_list":["post-33137","page","type-page","status-publish","hentry"],"_links":{"self":[{"href":"https:\/\/www.mycampermarket.com\/de\/wp-json\/wp\/v2\/pages\/33137","targetHints":{"allow":["GET"]}}],"collection":[{"href":"https:\/\/www.mycampermarket.com\/de\/wp-json\/wp\/v2\/pages"}],"about":[{"href":"https:\/\/www.mycampermarket.com\/de\/wp-json\/wp\/v2\/types\/page"}],"author":[{"embeddable":true,"href":"https:\/\/www.mycampermarket.com\/de\/wp-json\/wp\/v2\/users\/1"}],"replies":[{"embeddable":true,"href":"https:\/\/www.mycampermarket.com\/de\/wp-json\/wp\/v2\/comments?post=33137"}],"version-history":[{"count":0,"href":"https:\/\/www.mycampermarket.com\/de\/wp-json\/wp\/v2\/pages\/33137\/revisions"}],"wp:attachment":[{"href":"https:\/\/www.mycampermarket.com\/de\/wp-json\/wp\/v2\/media?parent=33137"}],"curies":[{"name":"wp","href":"https:\/\/api.w.org\/{rel}","templated":true}]}}