{"id":2109,"date":"2022-06-12T13:16:03","date_gmt":"2022-06-12T11:16:03","guid":{"rendered":"https:\/\/mycampermarket.com\/?page_id=2109"},"modified":"2026-04-14T15:28:02","modified_gmt":"2026-04-14T13:28:02","slug":"spazio-pro","status":"publish","type":"page","link":"https:\/\/www.mycampermarket.com\/it\/espace-pro\/","title":{"rendered":"Area Professionisti"},"content":{"rendered":"<div data-elementor-type=\"wp-page\" data-elementor-id=\"2109\" class=\"elementor elementor-2109\" data-elementor-post-type=\"page\">\n\t\t\t\t<div class=\"elementor-element elementor-element-a16fc68 e-flex e-con-boxed e-con e-parent\" data-id=\"a16fc68\" data-element_type=\"container\" data-e-type=\"container\">\n\t\t\t\t\t<div class=\"e-con-inner\">\n\t\t\t\t<div class=\"elementor-element elementor-element-ab77d5d elementor-widget elementor-widget-shortcode\" data-id=\"ab77d5d\" data-element_type=\"widget\" data-e-type=\"widget\" data-widget_type=\"shortcode.default\">\n\t\t\t\t\t\t\t<div class=\"elementor-shortcode\">\t\t<div data-elementor-type=\"section\" data-elementor-id=\"41231\" class=\"elementor elementor-41231\" data-elementor-post-type=\"elementor_library\">\n\t\t\t<div class=\"elementor-element elementor-element-1685a47 jedv-enabled--yes e-flex e-con-boxed e-con e-parent\" data-id=\"1685a47\" data-element_type=\"container\" data-e-type=\"container\" data-settings=\"{&quot;background_background&quot;:&quot;classic&quot;}\">\n\t\t\t\t\t<div class=\"e-con-inner\">\n\t\t<div class=\"elementor-element elementor-element-cc02a10 e-con-full e-flex e-con e-child\" data-id=\"cc02a10\" data-element_type=\"container\" data-e-type=\"container\">\n\t\t\t\t<div class=\"elementor-element elementor-element-1d3866b elementor-widget elementor-widget-image\" data-id=\"1d3866b\" data-element_type=\"widget\" data-e-type=\"widget\" data-widget_type=\"image.default\">\n\t\t\t\t\t\t\t\t\t\t\t\t\t\t\t<img decoding=\"async\" width=\"300\" height=\"300\" src=\"https:\/\/www.mycampermarket.com\/wp-content\/uploads\/2025\/11\/STOP-VPN-300x300.webp\" class=\"attachment-medium size-medium wp-image-41516\" alt=\"Personnage anime devant un panneau stop rouge amovible.\" srcset=\"https:\/\/www.mycampermarket.com\/wp-content\/uploads\/2025\/11\/STOP-VPN-300x300.webp 300w, https:\/\/www.mycampermarket.com\/wp-content\/uploads\/2025\/11\/STOP-VPN-150x150.webp 150w, https:\/\/www.mycampermarket.com\/wp-content\/uploads\/2025\/11\/STOP-VPN-768x768.webp 768w, https:\/\/www.mycampermarket.com\/wp-content\/uploads\/2025\/11\/STOP-VPN-12x12.webp 12w, https:\/\/www.mycampermarket.com\/wp-content\/uploads\/2025\/11\/STOP-VPN.webp 1024w\" sizes=\"(max-width: 300px) 100vw, 300px\" data-no-translation=\"true\" data-no-dynamic-translation=\"true\" \/>\t\t\t\t\t\t\t\t\t\t\t\t\t\t\t<\/div>\n\t\t\t\t<div class=\"elementor-element elementor-element-0b514d1 elementor-widget elementor-widget-text-editor\" data-id=\"0b514d1\" data-element_type=\"widget\" data-e-type=\"widget\" data-widget_type=\"text-editor.default\">\n\t\t\t\t\t\t\t\t\t<p>La connessione sembra provenire da una VPN o da un paese non autorizzato.<\/p>\t\t\t\t\t\t\t\t<\/div>\n\t\t\t\t<\/div>\n\t\t<div class=\"elementor-element elementor-element-ccfa1b5 e-con-full e-flex e-con e-child\" data-id=\"ccfa1b5\" data-element_type=\"container\" data-e-type=\"container\">\n\t\t\t\t<div class=\"elementor-element elementor-element-d133435 elementor-widget elementor-widget-text-editor\" data-id=\"d133435\" data-element_type=\"widget\" data-e-type=\"widget\" data-widget_type=\"text-editor.default\">\n\t\t\t\t\t\t\t\t\t<p>Se siete in <strong>Francia, Svizzera, Belgio, Italia, Germania o Austria<\/strong>,<br \/>disattivare il vostro<strong> VPN<\/strong> quindi ricaricare la pagina.<\/p>\t\t\t\t\t\t\t\t<\/div>\n\t\t\t\t<div class=\"elementor-element elementor-element-d8584ac elementor-align-left elementor-widget elementor-widget-button\" data-id=\"d8584ac\" data-element_type=\"widget\" data-e-type=\"widget\" data-widget_type=\"button.default\">\n\t\t\t\t\t\t\t\t\t\t<a class=\"elementor-button elementor-button-link elementor-size-sm\" href=\"https:\/\/www.mycampermarket.com\/it\/sicurezza-del-sito-vpn-vietato\/\">\n\t\t\t\t\t\t<span class=\"elementor-button-content-wrapper\">\n\t\t\t\t\t\t\t\t\t<span class=\"elementor-button-text\">Per saperne di pi\u00f9!<\/span>\n\t\t\t\t\t<\/span>\n\t\t\t\t\t<\/a>\n\t\t\t\t\t\t\t\t<\/div>\n\t\t\t\t<div class=\"elementor-element elementor-element-c42cd46 elementor-widget elementor-widget-text-editor\" data-id=\"c42cd46\" data-element_type=\"widget\" data-e-type=\"widget\" data-widget_type=\"text-editor.default\">\n\t\t\t\t\t\t\t\t\t<p data-start=\"209\" data-end=\"424\">Se non si riesce a disattivare la VPN o se si desidera registrarsi da un altro Paese (viaggio, residenza all'estero, ecc.), \u00e8 possibile richiedere la registrazione manuale compilando il modulo.<br \/><br \/>Si prega di compilare tutte le informazioni richieste:<br \/><br data-start=\"478\" data-end=\"481\" \/><strong data-start=\"481\" data-end=\"558\">Le domande incomplete o incoerenti saranno automaticamente respinte.<\/strong><\/p>\t\t\t\t\t\t\t\t<\/div>\n\t\t\t\t<div class=\"elementor-element elementor-element-424c7d6 elementor-widget elementor-widget-button\" data-id=\"424c7d6\" data-element_type=\"widget\" data-e-type=\"widget\" data-widget_type=\"button.default\">\n\t\t\t\t\t\t\t\t\t\t<a class=\"elementor-button elementor-button-link elementor-size-sm\" href=\"?vld=1\" rel=\"nofollow\">\n\t\t\t\t\t\t<span class=\"elementor-button-content-wrapper\">\n\t\t\t\t\t\t\t\t\t<span class=\"elementor-button-text\">Compilare il modulo di richiesta manuale<\/span>\n\t\t\t\t\t<\/span>\n\t\t\t\t\t<\/a>\n\t\t\t\t\t\t\t\t<\/div>\n\t\t\t\t<\/div>\n\t\t\t\t\t<\/div>\n\t\t\t\t<\/div>\n\t\t\t\t<\/div>\n\t\t<\/div>\n\t\t\t\t\t\t<\/div>\n\t\t\t\t\t<\/div>\n\t\t\t\t<\/div>\n\t\t\t\t<\/div>","protected":false},"excerpt":{"rendered":"","protected":false},"author":1,"featured_media":0,"parent":0,"menu_order":0,"comment_status":"closed","ping_status":"closed","template":"","meta":{"_seopress_robots_primary_cat":"","_seopress_titles_title":"Professionnels v\u00e9hicules de loisirs - inscription annuaire","_seopress_titles_desc":"Cr\u00e9ez gratuitement un profil et ajoutez vos annonces de camping-car pour gagner en visibilit\u00e9. Cela ne prend que quelques minutes.","_seopress_robots_index":"","_pvb_checkbox_block_on_post":false,"footnotes":""},"class_list":["post-2109","page","type-page","status-publish","hentry"],"_links":{"self":[{"href":"https:\/\/www.mycampermarket.com\/it\/wp-json\/wp\/v2\/pages\/2109","targetHints":{"allow":["GET"]}}],"collection":[{"href":"https:\/\/www.mycampermarket.com\/it\/wp-json\/wp\/v2\/pages"}],"about":[{"href":"https:\/\/www.mycampermarket.com\/it\/wp-json\/wp\/v2\/types\/page"}],"author":[{"embeddable":true,"href":"https:\/\/www.mycampermarket.com\/it\/wp-json\/wp\/v2\/users\/1"}],"replies":[{"embeddable":true,"href":"https:\/\/www.mycampermarket.com\/it\/wp-json\/wp\/v2\/comments?post=2109"}],"version-history":[{"count":0,"href":"https:\/\/www.mycampermarket.com\/it\/wp-json\/wp\/v2\/pages\/2109\/revisions"}],"wp:attachment":[{"href":"https:\/\/www.mycampermarket.com\/it\/wp-json\/wp\/v2\/media?parent=2109"}],"curies":[{"name":"wp","href":"https:\/\/api.w.org\/{rel}","templated":true}]}}