{"id":4588,"date":"2022-07-10T17:47:47","date_gmt":"2022-07-10T15:47:47","guid":{"rendered":"https:\/\/mycampermarket.com\/?page_id=4588"},"modified":"2026-03-24T23:14:03","modified_gmt":"2026-03-24T22:14:03","slug":"contatto","status":"publish","type":"page","link":"https:\/\/www.mycampermarket.com\/it\/contact\/","title":{"rendered":"Contatto"},"content":{"rendered":"\t\t<div data-elementor-type=\"wp-page\" data-elementor-id=\"4588\" class=\"elementor elementor-4588\" data-elementor-post-type=\"page\">\n\t\t\t\t<div class=\"elementor-element elementor-element-90db9c9 e-flex e-con-boxed e-con e-parent\" data-id=\"90db9c9\" data-element_type=\"container\" data-e-type=\"container\">\n\t\t\t\t\t<div class=\"e-con-inner\">\n\t\t<div class=\"elementor-element elementor-element-7dba6fd e-con-full e-flex e-con e-child\" data-id=\"7dba6fd\" data-element_type=\"container\" data-e-type=\"container\" data-settings=\"{&quot;background_background&quot;:&quot;classic&quot;}\">\n\t\t\t\t<div class=\"elementor-element elementor-element-0afcbd9 elementor-widget elementor-widget-heading\" data-id=\"0afcbd9\" data-element_type=\"widget\" data-e-type=\"widget\" data-widget_type=\"heading.default\">\n\t\t\t\t\t<h1 class=\"elementor-heading-title elementor-size-default\">Contact<\/h1>\t\t\t\t<\/div>\n\t\t\t\t<div class=\"elementor-element elementor-element-a863c90 elementor-widget elementor-widget-text-editor\" data-id=\"a863c90\" data-element_type=\"widget\" data-e-type=\"widget\" data-widget_type=\"text-editor.default\">\n\t\t\t\t\t\t\t\t\t<p>Une question, un signalement ou une suggestion ? Je r\u00e9ponds personnellement \u00e0 chaque message.<\/p>\t\t\t\t\t\t\t\t<\/div>\n\t\t<div class=\"elementor-element elementor-element-653b745 e-con-full e-flex e-con e-child\" data-id=\"653b745\" data-element_type=\"container\" data-e-type=\"container\">\n\t\t<div class=\"elementor-element elementor-element-00b5a28 e-con-full e-flex e-con e-child\" data-id=\"00b5a28\" data-element_type=\"container\" data-e-type=\"container\">\n\t\t\t\t<div class=\"elementor-element elementor-element-b8550ef elementor-widget elementor-widget-heading\" data-id=\"b8550ef\" data-element_type=\"widget\" data-e-type=\"widget\" data-widget_type=\"heading.default\">\n\t\t\t\t\t<h5 class=\"elementor-heading-title elementor-size-default\">Envoyer un message<\/h5>\t\t\t\t<\/div>\n\t\t\t\t<div class=\"elementor-element elementor-element-03ef580 elementor-widget__width-initial elementor-button-align-stretch elementor-widget elementor-widget-form\" data-id=\"03ef580\" data-element_type=\"widget\" data-e-type=\"widget\" data-settings=\"{&quot;step_next_label&quot;:&quot;Suivant&quot;,&quot;step_previous_label&quot;:&quot;Pr\\u00e9c\\u00e9dent&quot;,&quot;button_width&quot;:&quot;100&quot;,&quot;step_type&quot;:&quot;number_text&quot;,&quot;step_icon_shape&quot;:&quot;circle&quot;}\" data-widget_type=\"form.default\">\n\t\t\t\t\t\t\t<form class=\"elementor-form\" method=\"post\" name=\"Contact mycampermarket\" aria-label=\"Contact mycampermarket\">\n\t\t\t<input type=\"hidden\" name=\"post_id\" value=\"4588\"\/>\n\t\t\t<input type=\"hidden\" name=\"form_id\" value=\"03ef580\"\/>\n\t\t\t<input type=\"hidden\" name=\"referer_title\" value=\"\" \/>\n\n\t\t\t\n\t\t\t<div class=\"elementor-form-fields-wrapper elementor-labels-above\">\n\t\t\t\t\t\t\t\t<div class=\"elementor-field-type-text elementor-field-group elementor-column elementor-field-group-name elementor-col-100 elementor-field-required\">\n\t\t\t\t\t\t\t\t\t\t\t\t<label for=\"form-field-name\" class=\"elementor-field-label\">\n\t\t\t\t\t\t\t\tNom\t\t\t\t\t\t\t<\/label>\n\t\t\t\t\t\t\t\t\t\t\t\t\t\t<input size=\"1\" type=\"text\" name=\"form_fields[name]\" id=\"form-field-name\" class=\"elementor-field elementor-size-sm  elementor-field-textual\" placeholder=\"Nom\" required=\"required\">\n\t\t\t\t\t\t\t\t\t\t\t<\/div>\n\t\t\t\t\t\t\t\t<div class=\"elementor-field-type-email elementor-field-group elementor-column elementor-field-group-email elementor-col-100 elementor-field-required\">\n\t\t\t\t\t\t\t\t\t\t\t\t<label for=\"form-field-email\" class=\"elementor-field-label\">\n\t\t\t\t\t\t\t\tE-mail\t\t\t\t\t\t\t<\/label>\n\t\t\t\t\t\t\t\t\t\t\t\t\t\t<input size=\"1\" type=\"email\" name=\"form_fields[email]\" id=\"form-field-email\" class=\"elementor-field elementor-size-sm  elementor-field-textual\" placeholder=\"E-mail\" required=\"required\">\n\t\t\t\t\t\t\t\t\t\t\t<\/div>\n\t\t\t\t\t\t\t\t<div class=\"elementor-field-type-textarea elementor-field-group elementor-column elementor-field-group-message elementor-col-100 elementor-field-required\">\n\t\t\t\t\t\t\t\t\t\t\t\t<label for=\"form-field-message\" class=\"elementor-field-label\">\n\t\t\t\t\t\t\t\tMessage\t\t\t\t\t\t\t<\/label>\n\t\t\t\t\t\t<textarea class=\"elementor-field-textual elementor-field  elementor-size-sm\" name=\"form_fields[message]\" id=\"form-field-message\" rows=\"4\" placeholder=\"Message\" required=\"required\"><\/textarea>\t\t\t\t<\/div>\n\t\t\t\t\t\t\t\t<div class=\"elementor-field-type-text\">\n\t\t\t\t\t<input size=\"1\" type=\"text\" name=\"form_fields[field_2e6a219]\" id=\"form-field-field_2e6a219\" class=\"elementor-field elementor-size-sm \" style=\"display:none !important;\">\t\t\t\t<\/div>\n\t\t\t\t\t\t\t\t<div class=\"elementor-field-type-recaptcha_v3 elementor-field-group elementor-column elementor-field-group-field_94f7ec9 elementor-col-100 recaptcha_v3-inline\">\n\t\t\t\t\t<div class=\"elementor-field\" id=\"form-field-field_94f7ec9\"><div class=\"elementor-g-recaptcha\" data-sitekey=\"6LcSHoUjAAAAAFA7sqpK6s1sa47R7VzybtI2IZH1\" data-type=\"v3\" data-action=\"Form\" data-badge=\"inline\" data-size=\"invisible\"><\/div><\/div>\t\t\t\t<\/div>\n\t\t\t\t\t\t\t\t<div class=\"elementor-field-group elementor-column elementor-field-type-submit elementor-col-100 e-form__buttons\">\n\t\t\t\t\t<button class=\"elementor-button elementor-size-sm\" type=\"submit\">\n\t\t\t\t\t\t<span class=\"elementor-button-content-wrapper\">\n\t\t\t\t\t\t\t\t\t\t\t\t\t\t\t\t\t\t\t\t\t\t<span class=\"elementor-button-text\">Envoyer<\/span>\n\t\t\t\t\t\t\t\t\t\t\t\t\t<\/span>\n\t\t\t\t\t<\/button>\n\t\t\t\t<\/div>\n\t\t\t<\/div>\n\t\t<\/form>\n\t\t\t\t\t\t<\/div>\n\t\t\t\t<\/div>\n\t\t\t\t<div class=\"elementor-element elementor-element-e0fe5ef elementor-widget elementor-widget-html\" data-id=\"e0fe5ef\" data-element_type=\"widget\" data-e-type=\"widget\" data-widget_type=\"html.default\">\n\t\t\t\t\t<!-- CONTACT - mycampermarket.com -->\r\n\r\n<div class=\"mcm-contact\">\r\n\r\n\r\n\r\n \r\n    <!-- INFOS CONTACT -->\r\n    <div class=\"mcm-contact__info\">\r\n\r\n      <div class=\"mcm-contact__info-block\">\r\n        <h2>Informations<\/h2>\r\n        <div class=\"mcm-contact__info-item\">\r\n          <div class=\"mcm-contact__info-icon\">\r\n            <svg width=\"16\" height=\"16\" viewBox=\"0 0 24 24\" fill=\"none\" stroke=\"currentColor\" stroke-width=\"1.5\" stroke-linecap=\"round\" stroke-linejoin=\"round\"><path d=\"M4 4h16c1.1 0 2 .9 2 2v12c0 1.1-.9 2-2 2H4c-1.1 0-2-.9-2-2V6c0-1.1.9-2 2-2z\"\/><polyline points=\"22,6 12,13 2,6\"\/><\/svg>\r\n          <\/div>\r\n          <div>\r\n            <span class=\"mcm-contact__info-label\">Email<\/span>\r\n            <a href=\"mailto:info@mycampermarket.com\" class=\"mcm-contact__info-value\">info@mycampermarket.com<\/a>\r\n          <\/div>\r\n        <\/div>\r\n        <div class=\"mcm-contact__info-item\">\r\n          <div class=\"mcm-contact__info-icon\">\r\n            <svg width=\"16\" height=\"16\" viewBox=\"0 0 24 24\" fill=\"none\" stroke=\"currentColor\" stroke-width=\"1.5\" stroke-linecap=\"round\" stroke-linejoin=\"round\"><circle cx=\"12\" cy=\"12\" r=\"10\"\/><polyline points=\"12 6 12 12 16 14\"\/><\/svg>\r\n          <\/div>\r\n          <div>\r\n            <span class=\"mcm-contact__info-label\">D\u00e9lai de r\u00e9ponse<\/span>\r\n            <span class=\"mcm-contact__info-value\">Sous 48h ouvrables<\/span>\r\n          <\/div>\r\n        <\/div>\r\n        <div class=\"mcm-contact__info-item\">\r\n          <div class=\"mcm-contact__info-icon\">\r\n            <svg width=\"16\" height=\"16\" viewBox=\"0 0 24 24\" fill=\"none\" stroke=\"currentColor\" stroke-width=\"1.5\" stroke-linecap=\"round\" stroke-linejoin=\"round\"><path d=\"M20 21v-2a4 4 0 0 0-4-4H8a4 4 0 0 0-4 4v2\"\/><circle cx=\"12\" cy=\"7\" r=\"4\"\/><\/svg>\r\n          <\/div>\r\n          <div>\r\n            <span class=\"mcm-contact__info-label\">Responsable<\/span>\r\n            <span class=\"mcm-contact__info-value\">Butikofer Thierry \u2014 Sion, Suisse<\/span>\r\n          <\/div>\r\n        <\/div>\r\n      <\/div>\r\n\r\n      <div class=\"mcm-contact__info-block\">\r\n        <h3>Raccourcis utiles<\/h3>\r\n        <div class=\"mcm-contact__shortcuts\">\r\n          <a href=\"\/securite-du-site-vpn-interdit\/\" class=\"mcm-contact__shortcut\">\r\n            <svg width=\"14\" height=\"14\" viewBox=\"0 0 24 24\" fill=\"none\" stroke=\"currentColor\" stroke-width=\"1.5\" stroke-linecap=\"round\" stroke-linejoin=\"round\"><path d=\"M12 22s8-4 8-10V5l-8-3-8 3v7c0 6 8 10 8 10z\"\/><\/svg>\r\n            Mon compte a \u00e9t\u00e9 bloqu\u00e9\r\n          <\/a>\r\n          <a href=\"\/comment-ca-fonctionne\/\" class=\"mcm-contact__shortcut\">\r\n            <svg width=\"14\" height=\"14\" viewBox=\"0 0 24 24\" fill=\"none\" stroke=\"currentColor\" stroke-width=\"1.5\" stroke-linecap=\"round\" stroke-linejoin=\"round\"><circle cx=\"12\" cy=\"12\" r=\"10\"\/><path d=\"M9.09 9a3 3 0 0 1 5.83 1c0 2-3 3-3 3\"\/><line x1=\"12\" y1=\"17\" x2=\"12.01\" y2=\"17\"\/><\/svg>\r\n            Comment publier une annonce\r\n          <\/a>\r\n          <a href=\"\/tarifs\/\" class=\"mcm-contact__shortcut\">\r\n            <svg width=\"14\" height=\"14\" viewBox=\"0 0 24 24\" fill=\"none\" stroke=\"currentColor\" stroke-width=\"1.5\" stroke-linecap=\"round\" stroke-linejoin=\"round\"><line x1=\"12\" y1=\"1\" x2=\"12\" y2=\"23\"\/><path d=\"M17 5H9.5a3.5 3.5 0 0 0 0 7h5a3.5 3.5 0 0 1 0 7H6\"\/><\/svg>\r\n            Questions sur les tarifs\r\n          <\/a>\r\n          <a href=\"\/conditions-generales\/\" class=\"mcm-contact__shortcut\">\r\n            <svg width=\"14\" height=\"14\" viewBox=\"0 0 24 24\" fill=\"none\" stroke=\"currentColor\" stroke-width=\"1.5\" stroke-linecap=\"round\" stroke-linejoin=\"round\"><path d=\"M14 2H6a2 2 0 0 0-2 2v16a2 2 0 0 0 2 2h12a2 2 0 0 0 2-2V8z\"\/><polyline points=\"14 2 14 8 20 8\"\/><\/svg>\r\n            Conditions g\u00e9n\u00e9rales\r\n          <\/a>\r\n        <\/div>\r\n      <\/div>\r\n\r\n      <div class=\"mcm-contact__info-block mcm-contact__info-block--alert\">\r\n        <div class=\"mcm-contact__alert-icon\">\r\n          <svg width=\"16\" height=\"16\" viewBox=\"0 0 24 24\" fill=\"none\" stroke=\"currentColor\" stroke-width=\"1.5\" stroke-linecap=\"round\" stroke-linejoin=\"round\"><path d=\"M10.29 3.86L1.82 18a2 2 0 0 0 1.71 3h16.94a2 2 0 0 0 1.71-3L13.71 3.86a2 2 0 0 0-3.42 0z\"\/><line x1=\"12\" y1=\"9\" x2=\"12\" y2=\"13\"\/><line x1=\"12\" y1=\"17\" x2=\"12.01\" y2=\"17\"\/><\/svg>\r\n        <\/div>\r\n        <div>\r\n          <strong>Signaler une arnaque<\/strong>\r\n          <p>Si vous avez re\u00e7u un message suspect via la messagerie, utilisez le formulaire ci-contre en choisissant l'objet \"Signaler un utilisateur suspect\". Nous traitons ces demandes en priorit\u00e9.<\/p>\r\n        <\/div>\r\n      <\/div>\r\n\r\n    <\/div>\r\n\r\n  <\/div>\r\n\r\n\r\n<style>\r\n.mcm-contact { max-width: 860px; font-family: inherit; }\r\n.mcm-contact__header { padding: 8px 0 28px; }\r\n.mcm-contact__header h1 { font-size: 2em; margin: 0 0 8px; }\r\n.mcm-contact__intro { font-size: 15px; color: #666; line-height: 1.7; margin: 0; }\r\n.mcm-contact__layout { display: grid; grid-template-columns: 1fr 280px; gap: 40px; align-items: start; }\r\n.mcm-contact__form-wrap h2 { font-size: 1.1em; font-weight: 700; color: #1a1a1a; margin: 0 0 20px; padding-bottom: 10px; border-bottom: 2px solid #ebebeb; }\r\n.mcm-contact__form-placeholder { display: flex; flex-direction: column; gap: 16px; }\r\n.mcm-contact__field { display: flex; flex-direction: column; gap: 6px; }\r\n.mcm-contact__field label { font-size: 13px; font-weight: 600; color: #333; }\r\n.mcm-contact__field input,\r\n.mcm-contact__field select,\r\n.mcm-contact__field textarea { padding: 10px 12px; border: 1px solid #e0e0e0; border-radius: 8px; font-size: 14px; color: #333; background: #fafafa; font-family: inherit; resize: vertical; }\r\n.mcm-contact__form-note { font-size: 12px; color: #aaa; font-style: italic; text-align: center; background: #f8f8f8; padding: 10px; border-radius: 8px; border: 1px dashed #e0e0e0; margin-top: 4px; }\r\n.mcm-contact__info { display: flex; flex-direction: column; gap: 20px; }\r\n.mcm-contact__info-block { border: 1px solid #ebebeb; border-radius: 12px; padding: 18px; }\r\n.mcm-contact__info-block h2 { font-size: 1em; font-weight: 700; color: #1a1a1a; margin: 0 0 14px; }\r\n.mcm-contact__info-block h3 { font-size: 0.95em; font-weight: 700; color: #1a1a1a; margin: 0 0 12px; }\r\n.mcm-contact__info-item { display: flex; gap: 12px; align-items: flex-start; margin-bottom: 12px; }\r\n.mcm-contact__info-item:last-child { margin-bottom: 0; }\r\n.mcm-contact__info-icon { flex-shrink: 0; width: 30px; height: 30px; background: #f4f4f4; border-radius: 7px; display: flex; align-items: center; justify-content: center; color: #555; margin-top: 1px; }\r\n.mcm-contact__info-label { font-size: 11px; color: #888; display: block; margin-bottom: 2px; }\r\n.mcm-contact__info-value { font-size: 13px; font-weight: 500; color: #1a1a1a; display: block; text-decoration: none; }\r\na.mcm-contact__info-value:hover { text-decoration: underline; }\r\n.mcm-contact__shortcuts { display: flex; flex-direction: column; gap: 6px; }\r\n.mcm-contact__shortcut { display: flex; align-items: center; gap: 8px; font-size: 13px; color: #444; text-decoration: none; padding: 8px 10px; border-radius: 8px; background: #f8f8f8; border: 1px solid #f0f0f0; transition: background .15s; }\r\n.mcm-contact__info-block a{color:#000000;}\r\n.mcm-contact__shortcut:hover { background: #f0f0f0; }\r\n.mcm-contact__shortcut svg { flex-shrink: 0; color: #888; }\r\n.mcm-contact__info-block--alert { background: #fff8f0; border-color: #f5d5aa; }\r\n.mcm-contact__alert-icon { flex-shrink: 0; width: 30px; height: 30px; background: #fde8cc; border-radius: 7px; display: flex; align-items: center; justify-content: center; color: #c47a20; }\r\n.mcm-contact__info-block--alert { display: flex; gap: 12px; align-items: flex-start; }\r\n.mcm-contact__info-block--alert strong { font-size: 13px; font-weight: 700; color: #8a4a10; display: block; margin-bottom: 4px; }\r\n.mcm-contact__info-block--alert p { font-size: 12px; color: #7a5530; line-height: 1.6; margin: 0; }\r\n@media (max-width: 640px) {\r\n  .mcm-contact__layout { grid-template-columns: 1fr; }\r\n  .mcm-contact__header h1 { font-size: 1.6em; }\r\n}\r\n<\/style>\t\t\t\t<\/div>\n\t\t\t\t<\/div>\n\t\t\t\t<\/div>\n\t\t\t\t\t<\/div>\n\t\t\t\t<\/div>\n\t\t\t\t<\/div>\n\t\t","protected":false},"excerpt":{"rendered":"<p>Contact Une question, un signalement ou une suggestion ? Je r\u00e9ponds personnellement \u00e0 chaque message. Envoyer un message Informations Email info@mycampermarket.com D\u00e9lai de r\u00e9ponse Sous 48h ouvrables Responsable Butikofer Thierry \u2014 Sion, Suisse Raccourcis utiles Mon compte a \u00e9t\u00e9 bloqu\u00e9 Comment publier une annonce Questions sur les tarifs Conditions g\u00e9n\u00e9rales Signaler une arnaque Si vous [&hellip;]<\/p>\n","protected":false},"author":1,"featured_media":0,"parent":0,"menu_order":0,"comment_status":"closed","ping_status":"closed","template":"","meta":{"_seopress_robots_primary_cat":"","_seopress_titles_title":"","_seopress_titles_desc":"","_seopress_robots_index":"","_pvb_checkbox_block_on_post":false,"footnotes":""},"class_list":["post-4588","page","type-page","status-publish","hentry"],"_links":{"self":[{"href":"https:\/\/www.mycampermarket.com\/it\/wp-json\/wp\/v2\/pages\/4588","targetHints":{"allow":["GET"]}}],"collection":[{"href":"https:\/\/www.mycampermarket.com\/it\/wp-json\/wp\/v2\/pages"}],"about":[{"href":"https:\/\/www.mycampermarket.com\/it\/wp-json\/wp\/v2\/types\/page"}],"author":[{"embeddable":true,"href":"https:\/\/www.mycampermarket.com\/it\/wp-json\/wp\/v2\/users\/1"}],"replies":[{"embeddable":true,"href":"https:\/\/www.mycampermarket.com\/it\/wp-json\/wp\/v2\/comments?post=4588"}],"version-history":[{"count":0,"href":"https:\/\/www.mycampermarket.com\/it\/wp-json\/wp\/v2\/pages\/4588\/revisions"}],"wp:attachment":[{"href":"https:\/\/www.mycampermarket.com\/it\/wp-json\/wp\/v2\/media?parent=4588"}],"curies":[{"name":"wp","href":"https:\/\/api.w.org\/{rel}","templated":true}]}}