{"id":51296,"date":"2026-03-24T11:46:11","date_gmt":"2026-03-24T10:46:11","guid":{"rendered":"https:\/\/www.mycampermarket.com\/?page_id=51296"},"modified":"2026-04-05T15:56:17","modified_gmt":"2026-04-05T13:56:17","slug":"chi-siamo","status":"publish","type":"page","link":"https:\/\/www.mycampermarket.com\/it\/qui-sommes-nous\/","title":{"rendered":"Chi siamo?"},"content":{"rendered":"<div data-elementor-type=\"wp-page\" data-elementor-id=\"51296\" class=\"elementor elementor-51296\" data-elementor-post-type=\"page\">\n\t\t\t\t<div class=\"elementor-element elementor-element-b7355cd e-flex e-con-boxed e-con e-parent\" data-id=\"b7355cd\" data-element_type=\"container\" data-e-type=\"container\">\n\t\t\t\t\t<div class=\"e-con-inner\">\n\t\t\t\t<div class=\"elementor-element elementor-element-d7918ea elementor-widget elementor-widget-html\" data-id=\"d7918ea\" data-element_type=\"widget\" data-e-type=\"widget\" data-widget_type=\"html.default\">\n\t\t\t\t\t<article class=\"mcm-about\">\r\n\r\n  <div class=\"mcm-about__header\">\r\n    <h1>Chi c'\u00e8 dietro MyCamperMarket?<\/h1>\r\n  <\/div>\r\n\r\n  <hr class=\"mcm-about__divider\">\r\n\r\n  <section class=\"mcm-about__section\">\r\n    <h2>La mia storia<\/h2>\r\n    <div class=\"mcm-about__identity\">\r\n      <div class=\"mcm-about__identity-text\">\r\n        <p>Salve, mi chiamo Thierry e sono originario della Svizzera.<br>\r\nWebmaster qualificato dal 2001 e freelance dal primo giorno, ho lavorato su un'ampia variet\u00e0 di progetti, da semplici siti vetrina a complesse piattaforme web, per clienti di diversi settori.\r\n<br><br>\r\nNel 2019, poco prima che la vita da furgone esplodesse con Covid, ho iniziato a vivere e lavorare sulla strada. Non \u00e8 turismo: \u00e8 la mia vita quotidiana. Lavoro dal mio veicolo, gestisco i miei progetti in movimento e conosco questo stile di vita dall'interno.\r\n<br><br>\r\nAlla fine del 2022, ho venduto il mio Furgone camperizzato di fabbrica - un P\u00f6ssl che non era adatto alle mie esigenze - per costruire qualcosa a mia immagine e somiglianza: un Mercedes Sprinter 4\u00d74 per l'esercito svizzero, allestito interamente da me, progettato per lavorare e viaggiare in tutte le condizioni...<br><br><\/p>\r\n      <\/div>\r\n      <div class=\"mcm-about__identity-photo\">\r\n        <div>\r\n<img decoding=\"async\" style=\"border-radius: 15px;\" src=\"https:\/\/www.mycampermarket.com\/wp-content\/uploads\/2026\/03\/Thierry-MyCamperMarket.jpg\" alt=\"ThierryMyCamperMarket\" width=\"300\" height=\"358\">            <\/div>\r\n<p style=\"text-align:center;margin-top:5px;font-size:10px;line-height: 1.2\">Thierry \u2013 Fondatore di MyCamperMarket<br>\r\nSulla strada dal 2019<\/p>\r\n      <\/div>\r\n    <\/div>\r\n  <\/section>\r\n\r\n  <hr class=\"mcm-about__divider\">\r\n\r\n  <section class=\"mcm-about__section\">\r\n    <h2>Perch\u00e9 MyCamperMarket<\/h2>\r\n    <p>Quando ho voluto vendere il mio fourgon, ho prima testato ci\u00f2 che era disponibile.<br>\r\nLe piattaforme generaliste, spesso gratuite, hanno attirato soprattutto richieste inverosimili, tentativi di truffa e pochi contatti veramente seri.<br> Poi ho provato con i social network e ho riscontrato la stessa cosa.<br> \r\nPoi mi sono rivolto ai siti svizzeri specializzati: pi\u00f9 mirati, certo, ma con tariffe elevate - fino a 139 CHF per 60 giorni di pubblicazione - un prezzo che francamente ho trovato troppo alto per un semplice posizionamento vente.\r\n<br><br>\r\nTra le piattaforme generaliste inaffidabili e i siti specializzati troppo cari, mi sembrava che mancasse qualcosa di evidente: una piattaforma veramente dedicata ai veicoli per il tempo libero, con veri filtri antitruffa e prezzi accessibili.\r\n<br><br>\r\nAvevo le competenze tecniche per crearlo.<br>\r\nAvevo anche esperienza sul campo.<br>\r\nHo quindi deciso di lanciare MyCamperMarket.<br><br><\/p>\r\n  <\/section>\r\n\r\n  <hr class=\"mcm-about__divider\">\r\n\r\n  <section class=\"mcm-about__section\">\r\n    <h2>Il lancio<\/h2>\r\n    <p>Il nome di dominio \u00e8 stato registrato nel luglio 2022. Affrontare colossi come LeBonCoin, Anibis in Svizzera e Facebook Marketplace \u00e8 stata una vera e propria scommessa. Ma la convinzione c'era.\r\n<br><br>\r\nDal 2022 al 2025 il lavoro \u00e8 stato incessante: costruire una piattaforma tecnicamente solida, rafforzare la sicurezza, migliorare la referenziazione e conquistare la fiducia dei primi utenti. Nessuna scorciatoia, nessun finanziamento esterno, solo duro lavoro e una visione chiara.\r\n<br><br>\r\nNel 2026, la piattaforma cambi\u00f2 dimensione. Il referenziamento procedeva a gonfie vele, le visite aumentavano in modo significativo e MyCamperMarket cominciava ad affermarsi come una seria alternativa ai principali operatori del settore. Questo era solo l'inizio: l'obiettivo era rendere la piattaforma visibile in tutta Europa, in 5 lingue - francese, tedesco, inglese, italiano e spagnolo.<br><br><\/p>\r\n  <\/section>\r\n\r\n  <hr class=\"mcm-about__divider\">\r\n\r\n  <section class=\"mcm-about__section\">\r\n    <h2>Ci\u00f2 che differenzia MyCamperMarket<\/h2>\r\n    <div class=\"mcm-about__diffs\">\r\n\r\n      <div class=\"mcm-about__diff\">\r\n        <div class=\"mcm-about__diff-icon\">\r\n          <svg width=\"20\" height=\"20\" viewbox=\"0 0 24 24\" fill=\"none\" stroke=\"currentColor\" stroke-width=\"1.5\" stroke-linecap=\"round\" stroke-linejoin=\"round\"><rect x=\"3\" y=\"11\" width=\"18\" height=\"11\" rx=\"2\"\/><path d=\"M7 11V7a5 5 0 0 1 10 0v4\"\/><\/svg>\r\n        <\/div>\r\n        <div class=\"mcm-about__diff-body\">\r\n          <strong>Una vera sicurezza tecnica<\/strong>\r\n          <p>MyCamperMarket incorpora gi\u00e0 misure raramente riscontrabili nelle piattaforme convenzionali: rilevamento delle VPN, punteggio di rischio automatico al momento della registrazione e controllo del paese di connessione.<\/p>\r\n        <\/div>\r\n      <\/div>\r\n\r\n      <div class=\"mcm-about__diff\">\r\n        <div class=\"mcm-about__diff-icon\">\r\n          <svg width=\"20\" height=\"20\" viewbox=\"0 0 24 24\" fill=\"none\" stroke=\"currentColor\" stroke-width=\"1.5\" stroke-linecap=\"round\" stroke-linejoin=\"round\"><path d=\"M22 11.08V12a10 10 0 1 1-5.93-9.14\"\/><polyline points=\"22 4 12 14.01 9 11.01\"\/><\/svg>\r\n        <\/div>\r\n        <div class=\"mcm-about__diff-body\">\r\n          <strong>Una specializzazione esclusiva<\/strong>\r\n          <p>MyCamperMarket \u00e8 interamente dedicato ai veicoli per il tempo libero: Camper, furgoni, Furgone camperizzato, roulotte, case mobili e accessori. Qui non ci sono annunci sommersi da auto, moto o oggetti di ogni tipo.<\/p>\r\n        <\/div>\r\n      <\/div>\r\n\r\n      <div class=\"mcm-about__diff\">\r\n        <div class=\"mcm-about__diff-icon\">\r\n          <svg width=\"20\" height=\"20\" viewbox=\"0 0 24 24\" fill=\"none\" stroke=\"currentColor\" stroke-width=\"1.5\" stroke-linecap=\"round\" stroke-linejoin=\"round\"><circle cx=\"12\" cy=\"12\" r=\"10\"\/><path d=\"M2 12h20M12 2a15.3 15.3 0 0 1 4 10 15.3 15.3 0 0 1-4 10 15.3 15.3 0 0 1-4-10 15.3 15.3 0 0 1 4-10z\"\/><\/svg>\r\n        <\/div>\r\n        <div class=\"mcm-about__diff-body\">\r\n          <strong>Un'ambizione europea<\/strong>\r\n          <p>La piattaforma \u00e8 gi\u00e0 presente in Francia, Belgio e Svizzera, con l'obiettivo di espandersi anche in Italia, Germania e Spagna. L'idea \u00e8 semplice: offrire un'unica piattaforma in grado di raggiungere acquirenti e venditori su scala europea, in 5 lingue.<\/p>\r\n        <\/div>\r\n      <\/div>\r\n\r\n      <div class=\"mcm-about__diff\">\r\n        <div class=\"mcm-about__diff-icon\">\r\n          <svg width=\"20\" height=\"20\" viewbox=\"0 0 24 24\" fill=\"none\" stroke=\"currentColor\" stroke-width=\"1.5\" stroke-linecap=\"round\" stroke-linejoin=\"round\"><path d=\"M20 21v-2a4 4 0 0 0-4-4H8a4 4 0 0 0-4 4v2\"\/><circle cx=\"12\" cy=\"7\" r=\"4\"\/><\/svg>\r\n        <\/div>\r\n        <div class=\"mcm-about__diff-body\">\r\n          <strong>Un interlocutore diretto<\/strong>\r\n          <p>Dietro l'MyCamperMarket non c'\u00e8 un call center o un'assistenza impersonale. C'\u00e8 una persona vera, coinvolta nel progetto, che conosce questo modo di vivere e questo mondo dall'interno.<\/p>\r\n        <\/div>\r\n      <\/div>\r\n\r\n    <\/div>\r\n  <\/section>\r\n\r\n  <hr class=\"mcm-about__divider\">\r\n\r\n  <div class=\"mcm-about__cta\">\r\n      \r\n    <b>MyCamperMarket \u00e8 un progetto indipendente, sviluppato con convinzione per offrire un'alternativa specializzata alle principali piattaforme generaliste.<\/b><br><br> \r\n      \r\n    <p>Avete un Camper, un furgone o un fourgon in vendita?<br>\r\nPubblicate il vostro annuncio in pochi minuti.<\/p>\r\n    <a href=\"https:\/\/www.mycampermarket.com\/it\/vendere-il-mio-camper-fourgon-o-furgone\/\"><b>Pubblicare un annuncio<\/b><\/a>\r\n  <\/div>\r\n\r\n<\/article>\r\n\r\n<style>\r\n.mcm-about { max-width: 740px; font-family: inherit; }\r\n.mcm-about__header { padding: 8px 0 24px; }\r\n.mcm-about__header h1 { font-size: 2em; margin: 0; line-height: 1.25; }\r\n.mcm-about__divider { border: none; border-top: 1px solid #ebebeb; margin: 28px 0; }\r\n.mcm-about__section { margin-bottom: 4px; }\r\n.mcm-about__section h2 { font-size: 1.15em; font-weight: 700; color: #1a1a1a; margin: 0 0 14px; padding-bottom: 10px; border-bottom: 2px solid #ebebeb; }\r\n.mcm-about__section p { font-size: 15px; line-height: 1.8; color: #444; margin: 0 0 14px; }\r\n.mcm-about__section p:last-child { margin-bottom: 0; }\r\n.mcm-about__identity { display: grid; grid-template-columns: 1fr 200px; gap: 28px; align-items: start; }\r\n.mcm-about__photo-placeholder { width: 200px; height: 220px; background: #f4f4f4; border-radius: 10px; display: flex; flex-direction: column; align-items: center; justify-content: center; gap: 8px; color: #aaa; font-size: 12px; border: 1px dashed #ddd; }\r\n.mcm-about__diffs { display: flex; flex-direction: column; gap: 20px; }\r\n.mcm-about__diff { display: flex; gap: 16px; align-items: flex-start; }\r\n.mcm-about__diff-icon { flex-shrink: 0; width: 38px; height: 38px; background: #f4f4f4; border-radius: 8px; display: flex; align-items: center; justify-content: center; color: #555; margin-top: 1px; }\r\n.mcm-about__diff-body strong { font-size: 14px; font-weight: 600; color: #1a1a1a; display: block; margin-bottom: 4px; }\r\n.mcm-about__diff-body p { font-size: 14px; line-height: 1.65; color: #555; margin: 0; }\r\n.mcm-about__cta { text-align: center; padding: 20px 0 8px; }\r\n.mcm-about__cta p { font-size: 15px; color: #666; margin-bottom: 14px; }\r\n.mcm-about__cta-btn { display: inline-block; padding: 11px 26px; background: #FF573D;color:#ffffff; border-radius: 8px; text-decoration: none; font-size: 14px; font-weight: 500; }\r\n.mcm-about__cta-btn:hover { background: #333; }\r\n@media (max-width: 560px) {\r\n  .mcm-about__identity { grid-template-columns: 1fr; border-radius:15px;}\r\n  .mcm-about__photo-placeholder { width: 100%; height: 200px; }\r\n  .mcm-about__header h1 { font-size: 1.6em; }\r\n}\r\n<\/style>\t\t\t\t<\/div>\n\t\t\t\t\t<\/div>\n\t\t\t\t<\/div>\n\t\t\t\t<\/div>","protected":false},"excerpt":{"rendered":"<p>Qui est derri\u00e8re MyCamperMarket ? Mon histoire Bonjour, je m&rsquo;appelle Thierry, je suis d&rsquo;origine suisse. Webmaster dipl\u00f4m\u00e9 depuis 2001 et freelance depuis le premier jour, j\u2019ai travaill\u00e9 sur des projets tr\u00e8s vari\u00e9s : du simple site vitrine \u00e0 des plateformes web complexes, pour des clients issus de nombreux secteurs. En 2019, juste avant que la [&hellip;]<\/p>\n","protected":false},"author":1,"featured_media":0,"parent":0,"menu_order":0,"comment_status":"closed","ping_status":"closed","template":"","meta":{"_seopress_robots_primary_cat":"","_seopress_titles_title":"","_seopress_titles_desc":"","_seopress_robots_index":"","_pvb_checkbox_block_on_post":false,"footnotes":""},"class_list":["post-51296","page","type-page","status-publish","hentry"],"_links":{"self":[{"href":"https:\/\/www.mycampermarket.com\/it\/wp-json\/wp\/v2\/pages\/51296","targetHints":{"allow":["GET"]}}],"collection":[{"href":"https:\/\/www.mycampermarket.com\/it\/wp-json\/wp\/v2\/pages"}],"about":[{"href":"https:\/\/www.mycampermarket.com\/it\/wp-json\/wp\/v2\/types\/page"}],"author":[{"embeddable":true,"href":"https:\/\/www.mycampermarket.com\/it\/wp-json\/wp\/v2\/users\/1"}],"replies":[{"embeddable":true,"href":"https:\/\/www.mycampermarket.com\/it\/wp-json\/wp\/v2\/comments?post=51296"}],"version-history":[{"count":0,"href":"https:\/\/www.mycampermarket.com\/it\/wp-json\/wp\/v2\/pages\/51296\/revisions"}],"wp:attachment":[{"href":"https:\/\/www.mycampermarket.com\/it\/wp-json\/wp\/v2\/media?parent=51296"}],"curies":[{"name":"wp","href":"https:\/\/api.w.org\/{rel}","templated":true}]}}