{"id":51306,"date":"2026-03-24T13:20:26","date_gmt":"2026-03-24T12:20:26","guid":{"rendered":"https:\/\/www.mycampermarket.com\/?page_id=51306"},"modified":"2026-03-24T22:08:29","modified_gmt":"2026-03-24T21:08:29","slug":"come-funziona","status":"publish","type":"page","link":"https:\/\/www.mycampermarket.com\/it\/comment-ca-fonctionne\/","title":{"rendered":"Come funziona?"},"content":{"rendered":"<div data-elementor-type=\"wp-page\" data-elementor-id=\"51306\" class=\"elementor elementor-51306\" data-elementor-post-type=\"page\">\n\t\t\t\t<div class=\"elementor-element elementor-element-67e67f3 e-flex e-con-boxed e-con e-parent\" data-id=\"67e67f3\" data-element_type=\"container\" data-e-type=\"container\">\n\t\t\t\t\t<div class=\"e-con-inner\">\n\t\t\t\t<div class=\"elementor-element elementor-element-df5c4bf elementor-widget elementor-widget-html\" data-id=\"df5c4bf\" data-element_type=\"widget\" data-e-type=\"widget\" data-widget_type=\"html.default\">\n\t\t\t\t\t\r\n<div class=\"mcm-how\">\r\n\r\n  <div class=\"mcm-how__header\">\r\n    <h1>Come funziona?<\/h1>\r\n    <p class=\"mcm-how__intro\">Sia che tu voglia vendere il tuo veicolo o trovare quello ideale Camper, ecco come funziona MyCamperMarket.<\/p>\r\n  <\/div>\r\n\r\n  <!-- ONGLETS -->\r\n  <div class=\"mcm-how__tabs\">\r\n    <button class=\"mcm-how__tab mcm-how__tab--active\" onclick=\"switchTab('vendeur', this)\">\r\n      <svg width=\"16\" height=\"16\" viewbox=\"0 0 24 24\" fill=\"none\" stroke=\"currentColor\" stroke-width=\"1.5\" stroke-linecap=\"round\" stroke-linejoin=\"round\"><path d=\"M20 7H4a2 2 0 0 0-2 2v6a2 2 0 0 0 2 2h16a2 2 0 0 0 2-2V9a2 2 0 0 0-2-2z\"\/><path d=\"M16 21V5a2 2 0 0 0-2-2h-4a2 2 0 0 0-2 2v16\"\/><\/svg>\r\n      Vendo il mio veicolo\r\n    <\/button>\r\n    <button class=\"mcm-how__tab\" onclick=\"switchTab('acheteur', this)\">\r\n      <svg width=\"16\" height=\"16\" viewbox=\"0 0 24 24\" fill=\"none\" stroke=\"currentColor\" stroke-width=\"1.5\" stroke-linecap=\"round\" stroke-linejoin=\"round\"><circle cx=\"11\" cy=\"11\" r=\"8\"\/><path d=\"m21 21-4.35-4.35\"\/><\/svg>\r\n      Cerco un veicolo\r\n    <\/button>\r\n  <\/div>\r\n\r\n  <!-- TAB VENDEUR -->\r\n  <div class=\"mcm-how__panel\" id=\"tab-vendeur\">\r\n    <div class=\"mcm-how__steps\">\r\n\r\n      <div class=\"mcm-how__step\">\r\n        <div class=\"mcm-how__step-left\">\r\n          <div class=\"mcm-how__step-num\">1<\/div>\r\n          <div class=\"mcm-how__step-line\"><\/div>\r\n        <\/div>\r\n        <div class=\"mcm-how__step-body\">\r\n          <strong>Crea il tuo account<\/strong>\r\n          <p>La registrazione \u00e8 gratuita e richiede meno di 2 minuti. Basta inserire il proprio indirizzo e-mail, il nome e la localit\u00e0. Il nostro sistema controlla automaticamente ogni registrazione: VPN e connessioni sospette vengono bloccate per garantire la sicurezza di tutti.<\/p>\r\n        <\/div>\r\n      <\/div>\r\n\r\n      <div class=\"mcm-how__step\">\r\n        <div class=\"mcm-how__step-left\">\r\n          <div class=\"mcm-how__step-num\">2<\/div>\r\n          <div class=\"mcm-how__step-line\"><\/div>\r\n        <\/div>\r\n        <div class=\"mcm-how__step-body\">\r\n          <strong>Scrivi il tuo annuncio<\/strong>\r\n          <p>Compila il modulo passo dopo passo: tipo di veicolo, marca, modello, anno, chilometraggio, optional, prezzo. Aggiungi fino a 5 foto gratuitamente. Tutte le informazioni devono essere accurate e rappresentare fedelmente il veicolo.<\/p>\r\n        <\/div>\r\n      <\/div>\r\n\r\n      <div class=\"mcm-how__step\">\r\n        <div class=\"mcm-how__step-left\">\r\n          <div class=\"mcm-how__step-num\">3<\/div>\r\n          <div class=\"mcm-how__step-line\"><\/div>\r\n        <\/div>\r\n        <div class=\"mcm-how__step-body\">\r\n          <strong>Aumentate la vostra visibilit\u00e0<\/strong>\r\n          <p>Attivate le opzioni a pagamento per massimizzare le vostre possibilit\u00e0 di ottenere rapidamente vente.<\/p>\r\n          <div class=\"mcm-how__options-grid\">\r\n            <div class=\"mcm-how__option\">\r\n              <svg width=\"14\" height=\"14\" viewbox=\"0 0 24 24\" fill=\"none\" stroke=\"currentColor\" stroke-width=\"2\" stroke-linecap=\"round\" stroke-linejoin=\"round\"><path d=\"M1 12s4-8 11-8 11 8 11 8-4 8-11 8-11-8-11-8z\"\/><circle cx=\"12\" cy=\"12\" r=\"3\"\/><\/svg>\r\n              <span><strong>Visibilit\u00e0+<\/strong> - 20 foto, telefono visibile, descrizione completa<\/span>\r\n            <\/div>\r\n            <div class=\"mcm-how__option\">\r\n              <svg width=\"14\" height=\"14\" viewbox=\"0 0 24 24\" fill=\"none\" stroke=\"currentColor\" stroke-width=\"2\" stroke-linecap=\"round\" stroke-linejoin=\"round\"><circle cx=\"12\" cy=\"12\" r=\"10\"\/><polyline points=\"12 6 12 12 16 14\"\/><\/svg>\r\n              <span><strong>Pubblicazione immediata<\/strong> - online ora<\/span>\r\n            <\/div>\r\n            <div class=\"mcm-how__option\">\r\n              <svg width=\"14\" height=\"14\" viewbox=\"0 0 24 24\" fill=\"none\" stroke=\"currentColor\" stroke-width=\"2\" stroke-linecap=\"round\" stroke-linejoin=\"round\"><polygon points=\"12 2 15.09 8.26 22 9.27 17 14.14 18.18 21.02 12 17.77 5.82 21.02 7 14.14 2 9.27 8.91 8.26 12 2\"\/><\/svg>\r\n              <span><strong>Titoli di giornale 7 giorni<\/strong> - posizione prioritaria nella home page<\/span>\r\n            <\/div>\r\n            <div class=\"mcm-how__option\">\r\n              <svg width=\"14\" height=\"14\" viewbox=\"0 0 24 24\" fill=\"none\" stroke=\"currentColor\" stroke-width=\"2\" stroke-linecap=\"round\" stroke-linejoin=\"round\"><path d=\"M4 12v8a2 2 0 0 0 2 2h12a2 2 0 0 0 2-2v-8\"\/><polyline points=\"16 6 12 2 8 6\"\/><line x1=\"12\" y1=\"2\" x2=\"12\" y2=\"15\"\/><\/svg>\r\n              <span><strong>Condivisione sui social media<\/strong> - distribuzione automatica sulle nostre pagine<\/span>\r\n            <\/div>\r\n            <div class=\"mcm-how__option mcm-how__option--julie\">\r\n              <svg width=\"14\" height=\"14\" viewbox=\"0 0 24 24\" fill=\"none\" stroke=\"currentColor\" stroke-width=\"2\" stroke-linecap=\"round\" stroke-linejoin=\"round\"><polygon points=\"23 7 16 12 23 17 23 7\"\/><rect x=\"1\" y=\"5\" width=\"15\" height=\"14\" rx=\"2\"\/><\/svg>\r\n              <span><strong>Video di Julie<\/strong> - Presentazione IA del vostro veicolo in formato 9:16<\/span>\r\n              <span class=\"mcm-how__new-badge\">Nuovo<\/span>\r\n            <\/div>\r\n          <\/div>\r\n          <a href=\"\/it\/tariffe\/\" class=\"mcm-how__tarifs-link\">Vedi tutte le tariffe \u2192<\/a>\r\n        <\/div>\r\n      <\/div>\r\n\r\n      <div class=\"mcm-how__step\">\r\n        <div class=\"mcm-how__step-left\">\r\n          <div class=\"mcm-how__step-num\">4<\/div>\r\n          <div class=\"mcm-how__step-line\"><\/div>\r\n        <\/div>\r\n        <div class=\"mcm-how__step-body\">\r\n          <strong>La tua pubblicit\u00e0 \u00e8 online<\/strong>\r\n          <p>Visibile in Francia, Belgio, Svizzera e in tutti i paesi attivi. Modificatelo o contrassegnatelo come venduto in qualsiasi momento dal vostro spazio personale.<\/p>\r\n        <\/div>\r\n      <\/div>\r\n\r\n      <div class=\"mcm-how__step mcm-how__step--last\">\r\n        <div class=\"mcm-how__step-left\">\r\n          <div class=\"mcm-how__step-num\">5<\/div>\r\n        <\/div>\r\n        <div class=\"mcm-how__step-body\">\r\n          <strong>Gestisci i tuoi contatti tramite la messaggistica<\/strong>\r\n          <p>Gli acquirenti vi contattano tramite il nostro sistema di messaggistica interna sicura. Nessuna e-mail esposta pubblicamente, nessun numero visibile senza il vostro consenso. Rispondete tramite il vostro spazio personale o tramite notifica via e-mail.<\/p>\r\n        <\/div>\r\n      <\/div>\r\n\r\n    <\/div>\r\n\r\n    <div class=\"mcm-how__security\">\r\n      <div class=\"mcm-how__security-icon\">\r\n        <svg width=\"22\" height=\"22\" viewbox=\"0 0 24 24\" fill=\"none\" stroke=\"currentColor\" stroke-width=\"1.5\" stroke-linecap=\"round\" stroke-linejoin=\"round\"><path d=\"M12 22s8-4 8-10V5l-8-3-8 3v7c0 6 8 10 8 10z\"\/><\/svg>\r\n      <\/div>\r\n      <div>\r\n        <strong>La vostra sicurezza \u00e8 la nostra priorit\u00e0<\/strong>\r\n        <p>Ogni account viene analizzato automaticamente al momento della registrazione. Le VPN vengono bloccate, i Paesi non autorizzati rifiutati. Risultato: meno truffe, pi\u00f9 contatti seri.<\/p>\r\n      <\/div>\r\n    <\/div>\r\n  <\/div>\r\n\r\n  <!-- TAB ACHETEUR -->\r\n  <div class=\"mcm-how__panel mcm-how__panel--hidden\" id=\"tab-acheteur\">\r\n    <div class=\"mcm-how__steps\">\r\n\r\n      <div class=\"mcm-how__step\">\r\n        <div class=\"mcm-how__step-left\">\r\n          <div class=\"mcm-how__step-num\">1<\/div>\r\n          <div class=\"mcm-how__step-line\"><\/div>\r\n        <\/div>\r\n        <div class=\"mcm-how__step-body\">\r\n          <strong>Sfoglia gli annunci<\/strong>\r\n          <p>Non \u00e8 richiesta la registrazione per la visualizzazione. Filtrare per tipo di veicolo, budget, posizione, chilometraggio, anno. Tutti gli annunci provengono da venditori verificati dal nostro sistema di sicurezza.<\/p>\r\n        <\/div>\r\n      <\/div>\r\n\r\n      <div class=\"mcm-how__step\">\r\n        <div class=\"mcm-how__step-left\">\r\n          <div class=\"mcm-how__step-num\">2<\/div>\r\n          <div class=\"mcm-how__step-line\"><\/div>\r\n        <\/div>\r\n        <div class=\"mcm-how__step-body\">\r\n          <strong>Salva i tuoi preferiti<\/strong>\r\n          <p>Create un account gratuito per salvare gli annunci che vi interessano. Trovateli facilmente e confrontateli prima di decidere.<\/p>\r\n        <\/div>\r\n      <\/div>\r\n\r\n      <div class=\"mcm-how__step\">\r\n        <div class=\"mcm-how__step-left\">\r\n          <div class=\"mcm-how__step-num\">3<\/div>\r\n          <div class=\"mcm-how__step-line\"><\/div>\r\n        <\/div>\r\n        <div class=\"mcm-how__step-body\">\r\n          <strong>Contatta il venditore in modo sicuro<\/strong>\r\n          <p>Inviate un messaggio tramite il nostro sistema di messaggistica interna, senza rivelare il vostro indirizzo e-mail. Il venditore risponder\u00e0 direttamente dalla piattaforma.<\/p>\r\n        <\/div>\r\n      <\/div>\r\n\r\n      <div class=\"mcm-how__step mcm-how__step--last\">\r\n        <div class=\"mcm-how__step-left\">\r\n          <div class=\"mcm-how__step-num\">4<\/div>\r\n        <\/div>\r\n        <div class=\"mcm-how__step-body\">\r\n          <strong>Organizzare la visita<\/strong>\r\n          <p>Una volta entrati in contatto, fissate una visita direttamente con il venditore. La transazione avviene tra di voi, in totale indipendenza.<\/p>\r\n        <\/div>\r\n      <\/div>\r\n\r\n    <\/div>\r\n\r\n    <div class=\"mcm-how__security\">\r\n      <div class=\"mcm-how__security-icon\">\r\n        <svg width=\"22\" height=\"22\" viewbox=\"0 0 24 24\" fill=\"none\" stroke=\"currentColor\" stroke-width=\"1.5\" stroke-linecap=\"round\" stroke-linejoin=\"round\"><path d=\"M12 22s8-4 8-10V5l-8-3-8 3v7c0 6 8 10 8 10z\"\/><\/svg>\r\n      <\/div>\r\n      <div>\r\n        <strong>Come proteggiamo gli acquirenti<\/strong>\r\n        <p>Tutti i venditori vengono controllati al momento della registrazione. Se ricevete un messaggio sospetto, segnalatelo: interverremo immediatamente.<\/p>\r\n      <\/div>\r\n    <\/div>\r\n  <\/div>\r\n\r\n  <!-- FAQ -->\r\n  <div class=\"mcm-how__faq\">\r\n    <h2>Domande frequenti<\/h2>\r\n    <div class=\"mcm-how__faq-list\">\r\n\r\n      <div class=\"mcm-how__faq-item\">\r\n        <button class=\"mcm-how__faq-q\" onclick=\"toggleFaq(this)\">\r\n          L'iscrizione \u00e8 a pagamento?\r\n          <svg class=\"mcm-how__chevron\" width=\"16\" height=\"16\" viewbox=\"0 0 24 24\" fill=\"none\" stroke=\"currentColor\" stroke-width=\"2\" stroke-linecap=\"round\" stroke-linejoin=\"round\"><polyline points=\"6 9 12 15 18 9\"\/><\/svg>\r\n        <\/button>\r\n        <div class=\"mcm-how__faq-a\">No. La registrazione e la pubblicazione di un annuncio di base sono completamente gratuite. Le opzioni a pagamento sono facoltative.<\/div>\r\n      <\/div>\r\n\r\n      <div class=\"mcm-how__faq-item\">\r\n        <button class=\"mcm-how__faq-q\" onclick=\"toggleFaq(this)\">\r\n          Perch\u00e9 la mia registrazione \u00e8 stata rifiutata?\r\n          <svg class=\"mcm-how__chevron\" width=\"16\" height=\"16\" viewbox=\"0 0 24 24\" fill=\"none\" stroke=\"currentColor\" stroke-width=\"2\" stroke-linecap=\"round\" stroke-linejoin=\"round\"><polyline points=\"6 9 12 15 18 9\"\/><\/svg>\r\n        <\/button>\r\n        <div class=\"mcm-how__faq-a\">Il nostro sistema blocca automaticamente le VPN e le connessioni da paesi non autorizzati. Se pensate che il vostro rifiuto sia un errore, <a href=\"\/it\/contatto\/\">contattateci<\/a>.<\/div>\r\n      <\/div>\r\n\r\n      <div class=\"mcm-how__faq-item\">\r\n        <button class=\"mcm-how__faq-q\" onclick=\"toggleFaq(this)\">\r\n          Sono in viaggio all'estero, posso accedere al mio account?\r\n          <svg class=\"mcm-how__chevron\" width=\"16\" height=\"16\" viewbox=\"0 0 24 24\" fill=\"none\" stroke=\"currentColor\" stroke-width=\"2\" stroke-linecap=\"round\" stroke-linejoin=\"round\"><polyline points=\"6 9 12 15 18 9\"\/><\/svg>\r\n        <\/button>\r\n        <div class=\"mcm-how__faq-a\">S\u00ec. Contattateci tramite il sito <a href=\"\/it\/contatto\/\">Contatto<\/a> indicando la vostra situazione. Su richiesta, autorizziamo l'accesso da qualsiasi paese.<\/div>\r\n      <\/div>\r\n\r\n      <div class=\"mcm-how__faq-item\">\r\n        <button class=\"mcm-how__faq-q\" onclick=\"toggleFaq(this)\">\r\n          MyCamperMarket prende una commissione su vente?\r\n          <svg class=\"mcm-how__chevron\" width=\"16\" height=\"16\" viewbox=\"0 0 24 24\" fill=\"none\" stroke=\"currentColor\" stroke-width=\"2\" stroke-linecap=\"round\" stroke-linejoin=\"round\"><polyline points=\"6 9 12 15 18 9\"\/><\/svg>\r\n        <\/button>\r\n        <div class=\"mcm-how__faq-a\">No. Non ci sono commissioni sugli vente. La transazione avviene direttamente tra acquirente e venditore. Vengono fatturate solo le opzioni di pagamento facoltative.<\/div>\r\n      <\/div>\r\n\r\n    <\/div>\r\n  <\/div>\r\n\r\n<\/div>\r\n\r\n<style>\r\n.mcm-how { max-width: 740px; font-family: inherit; }\r\n.mcm-how__header { padding: 8px 0 28px; }\r\n.mcm-how__header h1 { font-size: 2em; margin: 0 0 10px; }\r\n.mcm-how__intro { font-size: 15px; color: #666; line-height: 1.7; margin: 0; }\r\n\r\n.mcm-how__tabs { display: flex; gap: 10px; margin-bottom: 32px; }\r\n.mcm-how__tab { display: flex; align-items: center; gap: 8px; padding: 12px 22px; font-size: 14px; font-weight: 600; color: #555; background: #f4f4f4; border: 2px solid transparent; border-radius: 50px; cursor: pointer; transition: all .2s; }\r\n.mcm-how__tab:hover { background: #ebebeb; color: #333; }\r\n.mcm-how__tab--active { background: #fff; border-color: #1a1a1a; color: #1a1a1a; }\r\n\r\n.mcm-how__panel--hidden { display: none; }\r\n\r\n.mcm-how__steps { margin-bottom: 24px; }\r\n.mcm-how__step { display: flex; gap: 0; }\r\n.mcm-how__step-left { display: flex; flex-direction: column; align-items: center; margin-right: 20px; flex-shrink: 0; }\r\n.mcm-how__step-num { width: 36px; height: 36px; border-radius: 50%; background: #1a1a1a; color: #fff; display: flex; align-items: center; justify-content: center; font-size: 14px; font-weight: 700; flex-shrink: 0; }\r\n.mcm-how__step-line { width: 2px; background: #e8e8e8; flex: 1; min-height: 20px; margin: 4px 0; }\r\n.mcm-how__step--last .mcm-how__step-left { justify-content: flex-start; }\r\n.mcm-how__step-body { padding-bottom: 28px; padding-top: 6px; flex: 1; }\r\n.mcm-how__step--last .mcm-how__step-body { padding-bottom: 8px; }\r\n.mcm-how__step-body strong { font-size: 15px; font-weight: 700; color: #1a1a1a; display: block; margin-bottom: 6px; }\r\n.mcm-how__step-body p { font-size: 14px; line-height: 1.75; color: #555; margin: 0 0 10px; }\r\n\r\n.mcm-how__options-grid { display: flex; flex-direction: column; gap: 6px; margin: 10px 0 12px; background: #f8f8f8; border-radius: 10px; padding: 12px 14px; }\r\n.mcm-how__option { display: flex; align-items: flex-start; gap: 8px; font-size: 13px; color: #444; line-height: 1.5; }\r\n.mcm-how__option svg { flex-shrink: 0; margin-top: 2px; color: #888; }\r\n.mcm-how__option--julie { color: #7b3fa0; }\r\n.mcm-how__option--julie svg { color: #9b59b6; }\r\n.mcm-how__new-badge { flex-shrink: 0; font-size: 10px; font-weight: 700; background: #9b59b6; color: #fff; padding: 1px 7px; border-radius: 20px; margin-left: 2px; }\r\n.mcm-how__tarifs-link { font-size: 13px; font-weight: 600; color: #1a1a1a; text-decoration: none; border-bottom: 1px solid #ccc; padding-bottom: 1px; }\r\n.mcm-how__tarifs-link:hover { border-bottom-color: #1a1a1a; }\r\n\r\n.mcm-how__security { display: flex; gap: 14px; align-items: flex-start; background: #eef4ff; border-left: 3px solid #4a7fd4; border-radius: 0 10px 10px 0; padding: 16px 18px; margin-bottom: 32px; }\r\n.mcm-how__security-icon { flex-shrink: 0; width: 38px; height: 38px; background: #d0e2f8; border-radius: 8px; display: flex; align-items: center; justify-content: center; color: #2a5faa; }\r\n.mcm-how__security strong { font-size: 14px; font-weight: 700; color: #1a3a6e; display: block; margin-bottom: 4px; }\r\n.mcm-how__security p { font-size: 13px; line-height: 1.6; color: #3a5a8a; margin: 0; }\r\n\r\n.mcm-how__faq { border-top: 2px solid #f0f0f0; padding-top: 28px; }\r\n.mcm-how__faq h2 { font-size: 1.2em; font-weight: 700; margin: 0 0 16px; color: #1a1a1a; }\r\n.mcm-how__faq-list { display: flex; flex-direction: column; gap: 4px; }\r\n.mcm-how__faq-item { border: 1px solid #ebebeb; border-radius: 10px; overflow: hidden; }\r\n.mcm-how__faq-q { width: 100%; display: flex; justify-content: space-between; align-items: center; padding: 14px 16px; font-size: 14px; font-weight: 600; color: #1a1a1a; background: #fff; border: none; cursor: pointer; text-align: left; gap: 12px; transition: background .15s; }\r\n.mcm-how__faq-q:hover { background: #fafafa; }\r\n.mcm-how__chevron { flex-shrink: 0; color: #999; transition: transform .2s; }\r\n.mcm-how__chevron.open { transform: rotate(180deg); }\r\n.mcm-how__faq-a { font-size: 14px; line-height: 1.7; color: #555; padding: 0 16px 14px; display: none; border-top: 1px solid #f5f5f5; padding-top: 12px; }\r\n.mcm-how__faq-a.open { display: block; }\r\n.mcm-how__faq-a a { color: #1a1a1a; font-weight: 600; }\r\n\r\n@media (max-width: 560px) {\r\n  .mcm-how__tabs { flex-direction: column; }\r\n  .mcm-how__tab { justify-content: center; border-radius: 10px; }\r\n  .mcm-how__header h1 { font-size: 1.6em; }\r\n}\r\n<\/style>\r\n\r\n<script>\r\nfunction switchTab(tab, btn) {\r\n  document.querySelectorAll('.mcm-how__panel').forEach(p => p.classList.add('mcm-how__panel--hidden'));\r\n  document.querySelectorAll('.mcm-how__tab').forEach(b => b.classList.remove('mcm-how__tab--active'));\r\n  document.getElementById('tab-' + tab).classList.remove('mcm-how__panel--hidden');\r\n  btn.classList.add('mcm-how__tab--active');\r\n}\r\nfunction toggleFaq(btn) {\r\n  var answer = btn.nextElementSibling;\r\n  var chevron = btn.querySelector('.mcm-how__chevron');\r\n  var isOpen = answer.classList.contains('open');\r\n  document.querySelectorAll('.mcm-how__faq-a').forEach(a => a.classList.remove('open'));\r\n  document.querySelectorAll('.mcm-how__chevron').forEach(c => c.classList.remove('open'));\r\n  if (!isOpen) { answer.classList.add('open'); chevron.classList.add('open'); }\r\n}\r\n<\/script>\t\t\t\t<\/div>\n\t\t\t\t\t<\/div>\n\t\t\t\t<\/div>\n\t\t\t\t<\/div>","protected":false},"excerpt":{"rendered":"<p>Comment \u00e7a fonctionne ? Que vous souhaitiez vendre votre v\u00e9hicule ou trouver le camping-car id\u00e9al, voici comment MyCamperMarket fonctionne. Je vends mon v\u00e9hicule Je cherche un v\u00e9hicule 1 Cr\u00e9ez votre compte L&rsquo;inscription est gratuite et prend moins de 2 minutes. Renseignez votre email, votre nom et votre localit\u00e9. Notre syst\u00e8me v\u00e9rifie automatiquement chaque inscription \u2014 [&hellip;]<\/p>\n","protected":false},"author":1,"featured_media":0,"parent":0,"menu_order":0,"comment_status":"closed","ping_status":"closed","template":"","meta":{"_seopress_robots_primary_cat":"","_seopress_titles_title":"","_seopress_titles_desc":"","_seopress_robots_index":"","_pvb_checkbox_block_on_post":false,"footnotes":""},"class_list":["post-51306","page","type-page","status-publish","hentry"],"_links":{"self":[{"href":"https:\/\/www.mycampermarket.com\/it\/wp-json\/wp\/v2\/pages\/51306","targetHints":{"allow":["GET"]}}],"collection":[{"href":"https:\/\/www.mycampermarket.com\/it\/wp-json\/wp\/v2\/pages"}],"about":[{"href":"https:\/\/www.mycampermarket.com\/it\/wp-json\/wp\/v2\/types\/page"}],"author":[{"embeddable":true,"href":"https:\/\/www.mycampermarket.com\/it\/wp-json\/wp\/v2\/users\/1"}],"replies":[{"embeddable":true,"href":"https:\/\/www.mycampermarket.com\/it\/wp-json\/wp\/v2\/comments?post=51306"}],"version-history":[{"count":0,"href":"https:\/\/www.mycampermarket.com\/it\/wp-json\/wp\/v2\/pages\/51306\/revisions"}],"wp:attachment":[{"href":"https:\/\/www.mycampermarket.com\/it\/wp-json\/wp\/v2\/media?parent=51306"}],"curies":[{"name":"wp","href":"https:\/\/api.w.org\/{rel}","templated":true}]}}